{"id":179,"date":"2022-05-07T00:13:58","date_gmt":"2022-05-07T03:13:58","guid":{"rendered":"https:\/\/acasadegalicia.uy\/sitio\/?page_id=179"},"modified":"2022-05-26T15:58:32","modified_gmt":"2022-05-26T18:58:32","slug":"asociacion","status":"publish","type":"page","link":"https:\/\/acasadegalicia.uy\/sitio\/gl\/asociacion\/","title":{"rendered":"Asociaci\u00f3n"},"content":{"rendered":"<p>[et_pb_section fb_built=\u00bb1&#8243; fullwidth=\u00bbon\u00bb admin_label=\u00bbHero\u00bb _builder_version=\u00bb4.16&#8243; background_color=\u00bb#FFFFFF\u00bb background_video_mp4=\u00bbhttp:\/\/acasadegalicia.uy\/sitio\/wp-content\/uploads\/2022\/05\/VIDEO-2022-05-05-12-36-57.mp4&#8243; top_divider_style=\u00bbarrow2&#8243; top_divider_color=\u00bb#990f0f\u00bb global_colors_info=\u00bb{}\u00bb theme_builder_area=\u00bbpost_content\u00bb][et_pb_fullwidth_header subhead=\u00bbA Casa de Galicia\u00bb button_one_text=\u00bbDescargar Introducci\u00f3n Acta Fundacional\u00bb button_one_url=\u00bbhttp:\/\/acasadegalicia.uy\/sitio\/wp-content\/uploads\/2022\/05\/Introduccion-Acta-Fundacional-A-Casa-de-Galicia.pdf\u00bb content_max_width=\u00bb600px\u00bb _builder_version=\u00bb4.16&#8243; title_font=\u00bbRubik|700||on|||||\u00bb title_text_color=\u00bb#ce221c\u00bb title_font_size=\u00bb16px\u00bb title_letter_spacing=\u00bb5px\u00bb title_line_height=\u00bb0.5em\u00bb content_font=\u00bbRubik||||||||\u00bb content_font_size=\u00bb18px\u00bb subhead_font=\u00bbRubik|700|||||||\u00bb subhead_text_color=\u00bb#FFFFFF\u00bb subhead_font_size=\u00bb50px\u00bb subhead_line_height=\u00bb1.5em\u00bb background_color=\u00bbrgba(255,255,255,0)\u00bb use_background_color_gradient=\u00bbon\u00bb background_color_gradient_stops=\u00bbrgba(255,255,255,0) 50%|rgba(255,255,255,0.7) 100%\u00bb background_color_gradient_start=\u00bbrgba(255,255,255,0)\u00bb background_color_gradient_start_position=\u00bb50%\u00bb background_color_gradient_end=\u00bbrgba(255,255,255,0.7)\u00bb background_size=\u00bbcontain\u00bb background_position=\u00bbbottom_center\u00bb custom_button_one=\u00bbon\u00bb button_one_text_size=\u00bb16px\u00bb button_one_text_color=\u00bb#FFFFFF\u00bb button_one_bg_color=\u00bb#aa1717&#8243; button_one_border_width=\u00bb15px\u00bb button_one_border_color=\u00bbrgba(210,159,104,0)\u00bb button_one_border_radius=\u00bb100px\u00bb button_one_letter_spacing=\u00bb0px\u00bb button_one_font=\u00bbRubik|700|||||||\u00bb button_one_icon=\u00bb&#x69;||divi||400&#8243; custom_button_two=\u00bbon\u00bb button_two_text_size=\u00bb16px\u00bb button_two_text_color=\u00bb#ffffff\u00bb button_two_bg_color=\u00bbrgba(0,0,0,0.6)\u00bb button_two_border_width=\u00bb15px\u00bb button_two_border_color=\u00bbrgba(210,159,104,0)\u00bb button_two_border_radius=\u00bb100px\u00bb button_two_letter_spacing=\u00bb0px\u00bb button_two_font=\u00bbRubik|700|||||||\u00bb button_two_use_icon=\u00bboff\u00bb max_width_last_edited=\u00bboff|desktop\u00bb module_alignment=\u00bbcenter\u00bb custom_margin=\u00bb|||\u00bb custom_padding=\u00bb8vw||21vw|||\u00bb link_option_url_new_window=\u00bbon\u00bb subhead_font_size_tablet=\u00bb\u00bb subhead_font_size_phone=\u00bb30px\u00bb subhead_font_size_last_edited=\u00bbon|phone\u00bb text_shadow_style=\u00bbpreset3&#8243; button_one_border_radius_hover=\u00bb100px\u00bb button_two_border_radius_hover=\u00bb100px\u00bb button_one_bg_color_hover=\u00bb#ff8a70&#8243; button_two_bg_color_hover=\u00bb#ff8a70&#8243; global_colors_info=\u00bb{}\u00bb button_one_text_size__hover_enabled=\u00bboff\u00bb button_two_text_size__hover_enabled=\u00bboff\u00bb button_one_text_color__hover_enabled=\u00bboff\u00bb button_two_text_color__hover_enabled=\u00bboff\u00bb button_one_border_width__hover_enabled=\u00bboff\u00bb button_two_border_width__hover_enabled=\u00bboff\u00bb button_one_border_color__hover_enabled=\u00bboff\u00bb button_two_border_color__hover_enabled=\u00bboff\u00bb button_one_border_radius__hover_enabled=\u00bbon\u00bb button_one_border_radius__hover=\u00bb100px\u00bb button_two_border_radius__hover_enabled=\u00bbon\u00bb button_two_border_radius__hover=\u00bb100px\u00bb button_one_letter_spacing__hover_enabled=\u00bboff\u00bb button_two_letter_spacing__hover_enabled=\u00bboff\u00bb button_one_bg_color__hover_enabled=\u00bbon\u00bb button_one_bg_color__hover=\u00bb#ff8a70&#8243; button_two_bg_color__hover_enabled=\u00bbon\u00bb button_two_bg_color__hover=\u00bb#ff8a70&#8243; theme_builder_area=\u00bbpost_content\u00bb]<\/p>\n<p>Centro Hist\u00f3rico-Cultural<\/p>\n<p>[\/et_pb_fullwidth_header][\/et_pb_section][et_pb_section fb_built=\u00bb1&#8243; _builder_version=\u00bb4.16&#8243; background_color=\u00bb#3a5063&#8243; background_size=\u00bbcontain\u00bb background_position=\u00bbtop_center\u00bb custom_padding=\u00bb|||\u00bb global_colors_info=\u00bb{}\u00bb theme_builder_area=\u00bbpost_content\u00bb][et_pb_row column_structure=\u00bb1_4,1_4,1_4,1_4&#8243; admin_label=\u00bbImage Row\u00bb _builder_version=\u00bb4.16&#8243; global_colors_info=\u00bb{}\u00bb theme_builder_area=\u00bbpost_content\u00bb][et_pb_column type=\u00bb1_4&#8243; _builder_version=\u00bb4.16&#8243; custom_padding=\u00bb|||\u00bb global_colors_info=\u00bb{}\u00bb custom_padding__hover=\u00bb|||\u00bb theme_builder_area=\u00bbpost_content\u00bb][\/et_pb_column][et_pb_column type=\u00bb1_4&#8243; _builder_version=\u00bb4.16&#8243; custom_padding=\u00bb|||\u00bb global_colors_info=\u00bb{}\u00bb custom_padding__hover=\u00bb|||\u00bb theme_builder_area=\u00bbpost_content\u00bb][et_pb_image src=\u00bbhttp:\/\/acasadegalicia.uy\/sitio\/wp-content\/uploads\/2022\/05\/8374395-1.jpg\u00bb title_text=\u00bb8374395&#8243; align_tablet=\u00bbcenter\u00bb align_phone=\u00bbcenter\u00bb align_last_edited=\u00bbon|desktop\u00bb _builder_version=\u00bb4.16&#8243; animation_style=\u00bbzoom\u00bb animation_intensity_zoom=\u00bb10%\u00bb border_radii=\u00bbon|10px|10px|10px|10px\u00bb global_colors_info=\u00bb{}\u00bb theme_builder_area=\u00bbpost_content\u00bb][\/et_pb_image][\/et_pb_column][et_pb_column type=\u00bb1_4&#8243; _builder_version=\u00bb4.16&#8243; custom_padding=\u00bb|||\u00bb global_colors_info=\u00bb{}\u00bb custom_padding__hover=\u00bb|||\u00bb theme_builder_area=\u00bbpost_content\u00bb][et_pb_image src=\u00bbhttp:\/\/acasadegalicia.uy\/sitio\/wp-content\/uploads\/2022\/05\/101846-1.jpg\u00bb title_text=\u00bb101846&#8243; align_tablet=\u00bbcenter\u00bb align_phone=\u00bbcenter\u00bb align_last_edited=\u00bbon|desktop\u00bb _builder_version=\u00bb4.16&#8243; animation_style=\u00bbzoom\u00bb animation_intensity_zoom=\u00bb10%\u00bb border_radii=\u00bbon|10px|10px|10px|10px\u00bb global_colors_info=\u00bb{}\u00bb theme_builder_area=\u00bbpost_content\u00bb][\/et_pb_image][\/et_pb_column][et_pb_column type=\u00bb1_4&#8243; _builder_version=\u00bb4.16&#8243; custom_padding=\u00bb|||\u00bb global_colors_info=\u00bb{}\u00bb custom_padding__hover=\u00bb|||\u00bb theme_builder_area=\u00bbpost_content\u00bb][\/et_pb_column][\/et_pb_row][et_pb_row column_structure=\u00bb1_2,1_2&#8243; _builder_version=\u00bb4.16&#8243; global_colors_info=\u00bb{}\u00bb theme_builder_area=\u00bbpost_content\u00bb][et_pb_column type=\u00bb1_2&#8243; _builder_version=\u00bb4.16&#8243; custom_padding=\u00bb|||\u00bb hover_enabled=\u00bb0&#8243; global_colors_info=\u00bb{}\u00bb custom_padding__hover=\u00bb|||\u00bb theme_builder_area=\u00bbpost_content\u00bb sticky_enabled=\u00bb0&#8243;][et_pb_text _builder_version=\u00bb4.17.4&#8243; text_font=\u00bbRubik|500|||||||\u00bb text_font_size=\u00bb16px\u00bb text_line_height=\u00bb2em\u00bb quote_font=\u00bb||||||||\u00bb header_font=\u00bb||||||||\u00bb header_2_font=\u00bbRubik|700|||||||\u00bb header_2_font_size=\u00bb40px\u00bb header_2_line_height=\u00bb1.4em\u00bb header_5_font=\u00bbRubik|700||on|||||\u00bb header_5_letter_spacing=\u00bb5px\u00bb header_5_line_height=\u00bb1.2em\u00bb background_layout=\u00bbdark\u00bb max_width=\u00bb600px\u00bb max_width_tablet=\u00bb\u00bb max_width_phone=\u00bb\u00bb max_width_last_edited=\u00bbon|phone\u00bb custom_margin=\u00bb|||\u00bb custom_margin_tablet=\u00bb|70px||70px\u00bb custom_margin_phone=\u00bb|50px||50px\u00bb custom_margin_last_edited=\u00bboff|desktop\u00bb custom_padding=\u00bb|||\u00bb hover_enabled=\u00bb0&#8243; text_line_height_last_edited=\u00bboff|desktop\u00bb header_2_font_size_tablet=\u00bb\u00bb header_2_font_size_phone=\u00bb30px\u00bb header_2_font_size_last_edited=\u00bbon|phone\u00bb global_colors_info=\u00bb{}\u00bb theme_builder_area=\u00bbpost_content\u00bb sticky_enabled=\u00bb0&#8243;]<\/p>\n<h5>Asemblea fundacional<\/h5>\n<h2>O 5 de abril de 2022 celebramos a nosa Asemblea Fundacional<\/h2>\n<p>[\/et_pb_text][\/et_pb_column][et_pb_column type=\u00bb1_2&#8243; _builder_version=\u00bb4.16&#8243; custom_padding=\u00bb|||\u00bb global_colors_info=\u00bb{}\u00bb custom_padding__hover=\u00bb|||\u00bb theme_builder_area=\u00bbpost_content\u00bb][et_pb_text _builder_version=\u00bb4.17.4&#8243; text_font=\u00bbRubik|500|||||||\u00bb text_font_size=\u00bb16px\u00bb text_line_height=\u00bb2em\u00bb quote_font=\u00bb||||||||\u00bb header_font=\u00bb||||||||\u00bb header_2_font=\u00bbRubik|700|||||||\u00bb header_2_font_size=\u00bb40px\u00bb header_2_line_height=\u00bb1.4em\u00bb header_5_font=\u00bbRubik|700||on|||||\u00bb header_5_letter_spacing=\u00bb5px\u00bb header_5_line_height=\u00bb1.2em\u00bb background_layout=\u00bbdark\u00bb max_width=\u00bb600px\u00bb max_width_tablet=\u00bb\u00bb max_width_phone=\u00bb\u00bb max_width_last_edited=\u00bbon|phone\u00bb custom_margin=\u00bb|||\u00bb custom_margin_tablet=\u00bb|70px||70px\u00bb custom_margin_phone=\u00bb|50px||50px\u00bb custom_margin_last_edited=\u00bboff|desktop\u00bb custom_padding=\u00bb|||\u00bb hover_enabled=\u00bb0&#8243; text_line_height_last_edited=\u00bboff|desktop\u00bb header_2_font_size_tablet=\u00bb\u00bb header_2_font_size_phone=\u00bb30px\u00bb header_2_font_size_last_edited=\u00bbon|phone\u00bb global_colors_info=\u00bb{}\u00bb theme_builder_area=\u00bbpost_content\u00bb sticky_enabled=\u00bb0&#8243;]<\/p>\n<p><span>\u00abComo dixo Alfonso R. Castelao, &#8216;O tempos son chegados&#8217;\u00bb. <\/span><\/p>\n<p>As\u00ed comeza o acto fundacional do grupo formado este martes para manter o patrimonio cultural da xa desaparecida <strong>Casa de Galicia en Montevideo<\/strong>.<\/p>\n<p>[\/et_pb_text][\/et_pb_column][\/et_pb_row][\/et_pb_section][et_pb_section fb_built=\u00bb1&#8243; admin_label=\u00bbStaff\u00bb _builder_version=\u00bb4.16&#8243; custom_padding=\u00bb|||\u00bb bottom_divider_style=\u00bbasymmetric2&#8243; bottom_divider_color=\u00bb#af1616&#8243; global_colors_info=\u00bb{}\u00bb theme_builder_area=\u00bbpost_content\u00bb][et_pb_row admin_label=\u00bbTitle Row\u00bb _builder_version=\u00bb4.16&#8243; global_colors_info=\u00bb{}\u00bb theme_builder_area=\u00bbpost_content\u00bb][et_pb_column type=\u00bb4_4&#8243; _builder_version=\u00bb4.16&#8243; custom_padding=\u00bb|||\u00bb global_colors_info=\u00bb{}\u00bb custom_padding__hover=\u00bb|||\u00bb theme_builder_area=\u00bbpost_content\u00bb][et_pb_text _builder_version=\u00bb4.17.4&#8243; text_font=\u00bbRubik|500|||||||\u00bb text_font_size=\u00bb16px\u00bb text_line_height=\u00bb2em\u00bb header_font=\u00bb||||||||\u00bb header_2_font=\u00bbRubik|700|||||||\u00bb header_2_font_size=\u00bb40px\u00bb header_2_line_height=\u00bb1.4em\u00bb header_5_font=\u00bbRubik|700||on|||||\u00bb header_5_text_color=\u00bb#2b76df\u00bb header_5_letter_spacing=\u00bb5px\u00bb header_5_line_height=\u00bb1.5em\u00bb text_orientation=\u00bbcenter\u00bb max_width=\u00bb600px\u00bb module_alignment=\u00bbcenter\u00bb hover_enabled=\u00bb0&#8243; text_line_height_last_edited=\u00bboff|desktop\u00bb global_colors_info=\u00bb{}\u00bb theme_builder_area=\u00bbpost_content\u00bb sticky_enabled=\u00bb0&#8243;]<\/p>\n<h5>O noso equipo<\/h5>\n<h2>Introducci\u00f3n Acta Fundacional<\/h2>\n<p><a href=\"http:\/\/acasadegalicia.uy\/sitio\/wp-content\/uploads\/2022\/05\/Introduccion-Acta-Fundacional-A-Casa-de-Galicia.pdf\">\u00a0Descargar Introducci\u00f3n de Acta Fundacional<\/a><\/p>\n<p>[\/et_pb_text][\/et_pb_column][\/et_pb_row][et_pb_row _builder_version=\u00bb4.16&#8243; _module_preset=\u00bbdefault\u00bb global_colors_info=\u00bb{}\u00bb theme_builder_area=\u00bbpost_content\u00bb][et_pb_column type=\u00bb4_4&#8243; _builder_version=\u00bb4.16&#8243; _module_preset=\u00bbdefault\u00bb global_colors_info=\u00bb{}\u00bb theme_builder_area=\u00bbpost_content\u00bb][et_pb_text _builder_version=\u00bb4.16&#8243; _module_preset=\u00bbdefault\u00bb global_colors_info=\u00bb{}\u00bb theme_builder_area=\u00bbpost_content\u00bb]<\/p>\n<p><strong>Acta N\u00b0 1.-<\/strong>Na cidade de Montevideo, o d\u00eda 5 de abril de 2022, as persoas asinantes re\u00fanense, baixo a Presidencia de Ismael Armando Mart\u00ednez Maldonado, titular do DNI no 1.270.830-7 e a Vicepresidencia de Jos\u00e9 Antonio Antelo Parafita. , titular do DNI no 1.349.100-0, Mar\u00eda del Carmen Fern\u00e1ndez Salgueiro, titular do DNI no 1.919.397-3, actuando na Secretar\u00eda, e manifestan que:<\/p>\n<p>Como dixo Alfonso Daniel Rodr\u00edguez Castelao \u201cOs tempos son chegados\u201d. E que tempos son estes? Tempos de dor, de angustia, pero tam\u00e9n deben ser tempos de templanza.<\/p>\n<p>Hoxe os aqu\u00ed presentes, vencellados por cuesti\u00f3ns xur\u00eddicas, dar\u00e1n un paso transcendental marcado pola aposta pola creaci\u00f3n dunha nova instituci\u00f3n, que ser\u00e1 a continuaci\u00f3n hist\u00f3rica da nosa Casa de Galicia, que chamaremos \u201cCENTRO HIST\u00d3RICO-CULTURAL A CASA DE GALICIA\u201d. \u00ab. E fac\u00e9molo, moi preto, a escasos metros da maternidade do noso sanatorio. E que simbolismo \u00e9 este? A expresi\u00f3n dun desexo de que as palabras que hoxe se pronuncian aqu\u00ed sexan, como dixo o recordado Doutor Burgos, o son m\u00e1is fermoso que emitimos os humanos, o berro dos rec\u00e9n nacidos, o anuncio de nova vida, un \u00abaturuxo\u00bb de alegr\u00eda e rebeld\u00eda para celebrar o nacemento de \u201cA CASA DE GALICIA\u201d. Pero \u00e9 realmente un nacemento? Ou quizais unha resurrecci\u00f3n? Pregunt\u00e1monos. Nace Centro Hist\u00f3rico-Cultural A Casa de Galicia, pero baixo ese nome acubillase a alma e o coraz\u00f3n da nosa antiga Casa de Galicia, que segue viva.<\/p>\n<p>N\u00f3s, antigos cargos, socios, amigos e antigos membros da Comisi\u00f3n de Cultura da Casa de Galicia, asumimos que nestes d\u00edas fat\u00eddicos a nosa funci\u00f3n debe ser, por mandato ancestral, a de protexer e rescatar o patrimonio cultural e hist\u00f3rico institucional.<\/p>\n<p>E cal \u00e9 ese patrimonio? De novo pregunt\u00e1monos. A conclusi\u00f3n, sen d\u00fabida, \u00e9 que cada pedra, cada ladrillo, cada habitaci\u00f3n, cada placa recordatorio, cada empregado, cada m\u00e9dico, cada socio, cada historia familiar coas s\u00faas vivencias felices ou tristes, son o noso patrimonio.<\/p>\n<p>Desafortunadamente, est\u00e1 lonxe do noso alcance resolver todos e cada un destes dolorosos problemas. Ningu\u00e9n est\u00e1 preparado para afrontar un desastre. A nosa premisa, ent\u00f3n, \u00e9 salvar as ra\u00edces.<\/p>\n<p>O noso edificio sede, onde se celebraron ducias de actos e conferencias, a cargo de personalidades da talla de Filgueira-Valverde, Adela Reta, Carlos Zubillaga Barrera e moitos outros cidad\u00e1ns que chegaron \u00e1s m\u00e1is altas maxistraturas do Uruguai.<\/p>\n<p>Todos os presidentes da Xunta de Galicia, dende que foi creada a trav\u00e9s do Estatuto de Auton\u00f3mica de 1981, visitaron e participaron en numerosos actos, contando tam\u00e9n co apoio incondicional e permanente da Secretar\u00eda Xeral da Emigraci\u00f3n da Xunta de Galicia para o desenvolvemento da Xunta de Galicia. e mantemento das actividades culturais da Casa de Galicia.<\/p>\n<p>A nosa biblioteca social, onde o 15 de novembro de 1944 se constitu\u00edu no exilio o Consello de Galiza, presidido por Castelao, embri\u00f3n hist\u00f3rico da futura Xunta de Galiza e do seu Estatuto Auton\u00f3mico. Al\u00ed, nos seus andeis, est\u00e1n as obras de Rosal\u00eda, Curros Enr\u00edquez, Cabanillas, Pondal. Murgu\u00eda, o propio Castelao e moitos outros. E non son unha colecci\u00f3n de libros poeirentos, son a semente que xermolou na nosa sede o 14 de xullo de 1471, semente que se converteu en cursos no Instituto Curros Enr\u00edquez, en \u00abobradoiros\u00bb de baile, gaita e percusi\u00f3n, pandeireta, canto. ; \u00c9 por iso que hoxe tam\u00e9n est\u00e1n aqu\u00ed os seus profesores e alumnos.<\/p>\n<p>Patrimonio son os \u00f3sos dos nosos pais e das nosas nais, que so\u00f1aron e constru\u00edron a nosa querida Instituci\u00f3n, e hoxe descansan nesa terra sagrada que \u00e9 o Pante\u00f3n Social da Casa de Galicia, protexida pola maxestuosa cruz doada pola Xunta de Galicia. , que os recibiu na s\u00faa traxectoria final, o Pante\u00f3n Social polo que tam\u00e9n loitaremos.<\/p>\n<p>Patrimonio \u00e9 \u201cA Santa\u201d de Asorey, unha representaci\u00f3n hist\u00f3rica do noso presente, unha muller espida, coma n\u00f3s hoxe, unha labrega na s\u00faa condici\u00f3n m\u00e1is humilde, co xugo da inxustiza sobre os ombreiros como \u00fanica posesi\u00f3n.<\/p>\n<p>Tam\u00e9n hai que engadir ao xa mencionado, bombos, gaitas, bombos, pandeiretas, traxes tradicionais, cadros, plaquetas, adornos, mastros, bandeiras, cruceiros coma ese outro, cedidos pola Deputaci\u00f3n de Pontevedra, sita no hom\u00f3nimo. policl\u00ednico situado en Lagomar, e todo o constru\u00eddo polos que nos precederon, obxectos e lembranzas que nos reclaman, en homenaxe ao pasado e que nos agardan, pre\u00f1ados de futuro.<\/p>\n<p>Este rescate e todo o que implica salvar o noso patrimonio cultural \u00e9 o que nos une hoxe.<\/p>\n<p>Nace hoxe aqu\u00ed unha nova asociaci\u00f3n civil, legalmente e por circunstancias inxustas e penosas; pero dende o sentimento e a herdanza hist\u00f3rica e sociocultural, somos, sen d\u00fabida, a continuidade da antiga Casa de Galicia, tomamos a s\u00faa testemu\u00f1a e seguir\u00e1 a s\u00faa andaina en n\u00f3s.<\/p>\n<p>Niso estamos e a esta nobre tarefa convidamos aos aqu\u00ed presentes e a todos os que queiran sumarse.<\/p>\n<p>Por todo o exposto, os asinantes deciden fundar unha asociaci\u00f3n civil que se denominar\u00e1 <strong>\u00abA Casa de Galicia Centro Hist\u00f3rico-Cultural\u00bb<\/strong><\/p>\n<p>&nbsp;<\/p>\n<p>[\/et_pb_text][\/et_pb_column][\/et_pb_row][\/et_pb_section][et_pb_section fb_built=\u00bb1&#8243; _builder_version=\u00bb4.16&#8243; _module_preset=\u00bbdefault\u00bb top_divider_style=\u00bbmountains2&#8243; top_divider_color=\u00bb#af1916&#8243; global_colors_info=\u00bb{}\u00bb theme_builder_area=\u00bbpost_content\u00bb][et_pb_row _builder_version=\u00bb4.16&#8243; _module_preset=\u00bbdefault\u00bb custom_padding=\u00bb50px|||||\u00bb global_colors_info=\u00bb{}\u00bb theme_builder_area=\u00bbpost_content\u00bb][et_pb_column type=\u00bb4_4&#8243; _builder_version=\u00bb4.16&#8243; _module_preset=\u00bbdefault\u00bb global_colors_info=\u00bb{}\u00bb theme_builder_area=\u00bbpost_content\u00bb][et_pb_video_slider _builder_version=\u00bb4.16&#8243; _module_preset=\u00bbdefault\u00bb global_colors_info=\u00bb{}\u00bb theme_builder_area=\u00bbpost_content\u00bb][et_pb_video_slider_item src=\u00bbhttp:\/\/acasadegalicia.uy\/sitio\/wp-content\/uploads\/2022\/05\/VIDEO-2022-05-05-12-36-57.mp4&#8243; _builder_version=\u00bb4.14.8&#8243; _module_preset=\u00bbdefault\u00bb global_colors_info=\u00bb{}\u00bb theme_builder_area=\u00bbpost_content\u00bb show_image_overlay=\u00bboff\u00bb][\/et_pb_video_slider_item][\/et_pb_video_slider][\/et_pb_column][\/et_pb_row][\/et_pb_section]<\/p>\n<span class=\"et_bloom_bottom_trigger\"><\/span>","protected":false},"excerpt":{"rendered":"<p>Centro Hist\u00f3rico-CulturalAsemblea fundacional O 5 de abril de 2022 celebramos a nosa Asemblea Fundacional\u00abComo dixo Alfonso R. Castelao, &#8216;O tempos son chegados&#8217;\u00bb. As\u00ed comeza o acto fundacional do grupo formado [&hellip;]<\/p>\n","protected":false},"author":1,"featured_media":0,"parent":0,"menu_order":0,"comment_status":"closed","ping_status":"closed","template":"","meta":{"_et_pb_use_builder":"on","_et_pb_old_content":"","_et_gb_content_width":"","_price":"","_stock":"","_tribe_ticket_header":"","_tribe_default_ticket_provider":"","_tribe_ticket_capacity":"0","_ticket_start_date":"","_ticket_end_date":"","_tribe_ticket_show_description":"","_tribe_ticket_show_not_going":false,"_tribe_ticket_use_global_stock":"","_tribe_ticket_global_stock_level":"","_global_stock_mode":"","_global_stock_cap":"","_tribe_rsvp_for_event":"","_tribe_ticket_going_count":"","_tribe_ticket_not_going_count":"","_tribe_tickets_list":[],"_tribe_ticket_has_attendee_info_fields":false,"footnotes":""},"class_list":["post-179","page","type-page","status-publish","hentry"],"jetpack_sharing_enabled":true,"ticketed":false,"_links":{"self":[{"href":"https:\/\/acasadegalicia.uy\/sitio\/wp-json\/wp\/v2\/pages\/179","targetHints":{"allow":["GET"]}}],"collection":[{"href":"https:\/\/acasadegalicia.uy\/sitio\/wp-json\/wp\/v2\/pages"}],"about":[{"href":"https:\/\/acasadegalicia.uy\/sitio\/wp-json\/wp\/v2\/types\/page"}],"author":[{"embeddable":true,"href":"https:\/\/acasadegalicia.uy\/sitio\/wp-json\/wp\/v2\/users\/1"}],"replies":[{"embeddable":true,"href":"https:\/\/acasadegalicia.uy\/sitio\/wp-json\/wp\/v2\/comments?post=179"}],"version-history":[{"count":2,"href":"https:\/\/acasadegalicia.uy\/sitio\/wp-json\/wp\/v2\/pages\/179\/revisions"}],"predecessor-version":[{"id":182,"href":"https:\/\/acasadegalicia.uy\/sitio\/wp-json\/wp\/v2\/pages\/179\/revisions\/182"}],"wp:attachment":[{"href":"https:\/\/acasadegalicia.uy\/sitio\/wp-json\/wp\/v2\/media?parent=179"}],"curies":[{"name":"wp","href":"https:\/\/api.w.org\/{rel}","templated":true}]}}