{"id":2101,"date":"2026-04-25T23:18:07","date_gmt":"2026-04-26T02:18:07","guid":{"rendered":"https:\/\/acasadegalicia.uy\/sitio\/?page_id=2101"},"modified":"2026-04-25T23:41:27","modified_gmt":"2026-04-26T02:41:27","slug":"comparte-o-teu-recordo","status":"publish","type":"page","link":"https:\/\/acasadegalicia.uy\/sitio\/gl\/comparte-o-teu-recordo\/","title":{"rendered":"Comparte o teu recordo"},"content":{"rendered":"\n<div style=\"background:#1a2a6c; padding:52px 40px; text-align:center; border-bottom:3px solid #c0111a;\">\n  <p style=\"font-family:'Cinzel',serif; font-size:11px; letter-spacing:3px; color:rgba(255,255,255,0.5); margin-bottom:12px;\">A NOSA MEMORIA<\/p>\n  <h1 style=\"font-family:'Cinzel',serif; font-size:36px; color:white; font-weight:700; margin-bottom:16px; line-height:1.2;\">Comparte o teu recordo<\/h1>\n  <p style=\"color:rgba(255,255,255,0.65); font-size:17px; font-family:'EB Garamond',serif; max-width:600px; margin:0 auto;\">\u00bfTes fotos, cartas ou recordos de Casa de Galicia? Ax\u00fadanos a constru\u00edr o noso arquivo vivo.<\/p>\n<\/div>\n\n\n\n<div style=\"background:#f4f4f2; padding:52px 40px;\">\n  <div class=\"sec-label-custom\" style=\"margin-bottom:8px; margin-top:0;\">\n    <span>\u00bfCOMO FUNCIONA?<\/span><span class=\"linea\"><\/span>\n  <\/div>\n  <h2 style=\"font-family:'Cinzel',serif; color:#1a2a6c; font-size:26px; font-weight:600; margin-bottom:28px;\">A t\u00faa historia \u00e9 o noso patrimonio<\/h2>\n\n  <div style=\"display:grid; grid-template-columns:repeat(3,1fr); gap:24px; margin-bottom:40px;\">\n    <div style=\"background:white; border-top:3px solid #1a2a6c; border-radius:0 0 4px 4px; padding:24px 20px; text-align:center;\">\n      <div style=\"font-size:32px; margin-bottom:12px;\">&#x1f4f8;<\/div>\n      <p style=\"font-family:'Cinzel',serif; font-size:12px; color:#1a2a6c; font-weight:600; margin-bottom:8px;\">ENV\u00cdA A T\u00daA FOTO<\/p>\n      <p style=\"font-family:'EB Garamond',serif; font-size:15px; color:#555;\">Fotos de eventos, actuaci\u00f3ns, reuni\u00f3ns ou momentos especiais en Casa de Galicia.<\/p>\n    <\/div>\n    <div style=\"background:white; border-top:3px solid #c0111a; border-radius:0 0 4px 4px; padding:24px 20px; text-align:center;\">\n      <div style=\"font-size:32px; margin-bottom:12px;\">&#x270d;&#xfe0f;<\/div>\n      <p style=\"font-family:'Cinzel',serif; font-size:12px; color:#1a2a6c; font-weight:600; margin-bottom:8px;\">CONTA A HISTORIA<\/p>\n      <p style=\"font-family:'EB Garamond',serif; font-size:15px; color:#555;\">\u00bfQuen aparece? \u00bfCando foi? \u00bfQue estaban celebrando? Cada detalle suma.<\/p>\n    <\/div>\n    <div style=\"background:white; border-top:3px solid #2d5986; border-radius:0 0 4px 4px; padding:24px 20px; text-align:center;\">\n      <div style=\"font-size:32px; margin-bottom:12px;\">&#x1f3db;<\/div>\n      <p style=\"font-family:'Cinzel',serif; font-size:12px; color:#1a2a6c; font-weight:600; margin-bottom:8px;\">PUBLICAMOS XUNTOS<\/p>\n      <p style=\"font-family:'EB Garamond',serif; font-size:15px; color:#555;\">Revisamos o contido e public\u00e1molo en A Nosa Memoria para que toda a comunidade o goce.<\/p>\n    <\/div>\n  <\/div>\n\n  <p style=\"font-family:'EB Garamond',serif; font-size:15px; color:#888; font-style:italic; max-width:700px;\">\n    * As fotos ser\u00e1n publicadas co teu nome se o autorizas. Sempre te consultamos antes de publicar calquera contido.\n  <\/p>\n<\/div>\n\n\n<style>.wp-block-kadence-advanced-form2103-cpt-id .kb-advanced-form input[type=text],.wp-block-kadence-advanced-form2103-cpt-id .kb-advanced-form input[type=tel],.wp-block-kadence-advanced-form2103-cpt-id .kb-advanced-form input[type=number],.wp-block-kadence-advanced-form2103-cpt-id .kb-advanced-form input[type=date],.wp-block-kadence-advanced-form2103-cpt-id .kb-advanced-form input[type=time],.wp-block-kadence-advanced-form2103-cpt-id .kb-advanced-form input[type=email],.wp-block-kadence-advanced-form2103-cpt-id .kb-advanced-form input[type=file],.wp-block-kadence-advanced-form2103-cpt-id .kb-advanced-form select,.wp-block-kadence-advanced-form2103-cpt-id .kb-advanced-form textarea{border-top:0px solid #B9B9C5;border-right:0px solid #B9B9C5;border-bottom:2px solid #B9B9C5;border-left:0px solid #B9B9C5;border-top-left-radius:0px;border-top-right-radius:0px;border-bottom-right-radius:0px;border-bottom-left-radius:0px;box-shadow:0px 0px 0px 0px rgba(0, 0, 0, 0);}.wp-block-kadence-advanced-form2103-cpt-id{--kb-form-border-width:0px;--kb-form-border-color:#B9B9C5;}.wp-block-kadence-advanced-form2103-cpt-id input[type=text]:focus,.wp-block-kadence-advanced-form2103-cpt-id input[type=email]:focus,.wp-block-kadence-advanced-form2103-cpt-id input[type=tel]:focus,.wp-block-kadence-advanced-form2103-cpt-id input[type=date]:focus,.wp-block-kadence-advanced-form2103-cpt-id input[type=number]:focus,.wp-block-kadence-advanced-form2103-cpt-id input[type=time]:focus,.wp-block-kadence-advanced-form2103-cpt-id input[type=file]:focus,.wp-block-kadence-advanced-form2103-cpt-id select:focus,.wp-block-kadence-advanced-form2103-cpt-id textarea:focus{border-color:var(--global-palette1, #3182CE);box-shadow:0px 0px 0px 0px rgba(0, 0, 0, 0);}.wp-block-kadence-advanced-form2103-cpt-id .kb-adv-form-field .kb-adv-form-label{color:#909097;}@media all and (max-width: 1024px){.wp-block-kadence-advanced-form2103-cpt-id .kb-advanced-form input[type=text],.wp-block-kadence-advanced-form2103-cpt-id .kb-advanced-form input[type=tel],.wp-block-kadence-advanced-form2103-cpt-id .kb-advanced-form input[type=number],.wp-block-kadence-advanced-form2103-cpt-id .kb-advanced-form input[type=date],.wp-block-kadence-advanced-form2103-cpt-id .kb-advanced-form input[type=time],.wp-block-kadence-advanced-form2103-cpt-id .kb-advanced-form input[type=email],.wp-block-kadence-advanced-form2103-cpt-id .kb-advanced-form input[type=file],.wp-block-kadence-advanced-form2103-cpt-id .kb-advanced-form select,.wp-block-kadence-advanced-form2103-cpt-id .kb-advanced-form textarea{border-top:0px solid #B9B9C5;border-right:0px solid #B9B9C5;border-bottom:2px solid #B9B9C5;border-left:0px solid #B9B9C5;}}@media all and (max-width: 767px){.wp-block-kadence-advanced-form2103-cpt-id .kb-advanced-form input[type=text],.wp-block-kadence-advanced-form2103-cpt-id .kb-advanced-form input[type=tel],.wp-block-kadence-advanced-form2103-cpt-id .kb-advanced-form input[type=number],.wp-block-kadence-advanced-form2103-cpt-id .kb-advanced-form input[type=date],.wp-block-kadence-advanced-form2103-cpt-id .kb-advanced-form input[type=time],.wp-block-kadence-advanced-form2103-cpt-id .kb-advanced-form input[type=email],.wp-block-kadence-advanced-form2103-cpt-id .kb-advanced-form input[type=file],.wp-block-kadence-advanced-form2103-cpt-id .kb-advanced-form select,.wp-block-kadence-advanced-form2103-cpt-id .kb-advanced-form textarea{border-top:0px solid #B9B9C5;border-right:0px solid #B9B9C5;border-bottom:2px solid #B9B9C5;border-left:0px solid #B9B9C5;}}<\/style><div class=\"wp-block-kadence-advanced-form wp-block-kadence-advanced-form2103-cpt-id kb-adv-form-label-style-float kb-adv-form-input-size-standard kb-form-basic-style wp-block-kadence-advanced-form\"><form id=\"kb-adv-form-2103-cpt-id\" class=\"kb-advanced-form\" method=\"post\" data-error-message=\"Corrixe os erros para continuar\">\n<style>.kb-row-layout-id2101_0794ea-37 > .kt-row-column-wrap{align-content:start;}:where(.kb-row-layout-id2101_0794ea-37 > .kt-row-column-wrap) > .wp-block-kadence-column{justify-content:start;}.kb-row-layout-id2101_0794ea-37 > .kt-row-column-wrap{column-gap:var(--global-kb-gap-md, 2rem);row-gap:var(--global-kb-gap-md, 2rem);padding-top:0px;padding-right:0px;padding-bottom:0px;padding-left:0px;grid-template-columns:repeat(2, minmax(0, 1fr));}.kb-row-layout-id2101_0794ea-37 > .kt-row-layout-overlay{opacity:0.30;}@media all and (max-width: 1024px){.kb-row-layout-id2101_0794ea-37 > .kt-row-column-wrap{grid-template-columns:repeat(2, minmax(0, 1fr));}}@media all and (max-width: 767px){.kb-row-layout-id2101_0794ea-37 > .kt-row-column-wrap{grid-template-columns:minmax(0, 1fr);}}<\/style><div class=\"kb-row-layout-wrap kb-row-layout-id2101_0794ea-37 alignnone wp-block-kadence-rowlayout\"><div class=\"kt-row-column-wrap kt-has-2-columns kt-row-layout-equal kt-tab-layout-inherit kt-mobile-layout-row kt-row-valign-top\">\n<style>.kadence-column2101_bd17aa-3c > .kt-inside-inner-col,.kadence-column2101_bd17aa-3c > .kt-inside-inner-col:before{border-top-left-radius:0px;border-top-right-radius:0px;border-bottom-right-radius:0px;border-bottom-left-radius:0px;}.kadence-column2101_bd17aa-3c > .kt-inside-inner-col{column-gap:var(--global-kb-gap-sm, 1rem);}.kadence-column2101_bd17aa-3c > .kt-inside-inner-col{flex-direction:column;}.kadence-column2101_bd17aa-3c > .kt-inside-inner-col > .aligncenter{width:100%;}.kadence-column2101_bd17aa-3c > .kt-inside-inner-col:before{opacity:0.3;}.kadence-column2101_bd17aa-3c{position:relative;}@media all and (max-width: 1024px){.kadence-column2101_bd17aa-3c > .kt-inside-inner-col{flex-direction:column;justify-content:center;}}@media all and (max-width: 767px){.kadence-column2101_bd17aa-3c > .kt-inside-inner-col{flex-direction:column;justify-content:center;}}<\/style>\n<div class=\"wp-block-kadence-column kadence-column2101_bd17aa-3c\"><div class=\"kt-inside-inner-col\"><div class=\"kb-adv-form-field kb-adv-form-text-type-input kb-adv-form-infield-type-input kb-field210368f40d-ba wp-block-kadence-advanced-form-text\"><label class=\"kb-adv-form-label\" for=\"field210368f40d-ba\">Nome e apelidos<span class=\"kb-adv-form-required\">*<\/span><\/label><input name=\"field68f40d-ba\" id=\"field210368f40d-ba\" data-label=\"Nome e apelidos\" type=\"text\" placeholder=\"\" value=\"\" data-type=\"text\" class=\"kb-field kb-text-field\" data-required=\"yes\" required aria-required=\"true\"\/><\/div><\/div><\/div>\n\n\n<style>.kadence-column2101_7a4fc8-85 > .kt-inside-inner-col,.kadence-column2101_7a4fc8-85 > .kt-inside-inner-col:before{border-top-left-radius:0px;border-top-right-radius:0px;border-bottom-right-radius:0px;border-bottom-left-radius:0px;}.kadence-column2101_7a4fc8-85 > .kt-inside-inner-col{column-gap:var(--global-kb-gap-sm, 1rem);}.kadence-column2101_7a4fc8-85 > .kt-inside-inner-col{flex-direction:column;}.kadence-column2101_7a4fc8-85 > .kt-inside-inner-col > .aligncenter{width:100%;}.kadence-column2101_7a4fc8-85 > .kt-inside-inner-col:before{opacity:0.3;}.kadence-column2101_7a4fc8-85{position:relative;}@media all and (max-width: 1024px){.kadence-column2101_7a4fc8-85 > .kt-inside-inner-col{flex-direction:column;justify-content:center;}}@media all and (max-width: 767px){.kadence-column2101_7a4fc8-85 > .kt-inside-inner-col{flex-direction:column;justify-content:center;}}<\/style>\n<div class=\"wp-block-kadence-column kadence-column2101_7a4fc8-85\"><div class=\"kt-inside-inner-col\"><div class=\"kb-adv-form-field kb-adv-form-text-type-input kb-adv-form-infield-type-input kb-field2103f6d105-b9 wp-block-kadence-advanced-form-email\"><label class=\"kb-adv-form-label\" for=\"field2103f6d105-b9\">Correo electr\u00f3nico<span class=\"kb-adv-form-required\">*<\/span><\/label><input name=\"fieldf6d105-b9\" id=\"field2103f6d105-b9\" data-label=\"Correo electr\u00f3nico\" type=\"email\" placeholder=\"\" value=\"\" data-type=\"email\" class=\"kb-field kb-email-field\" data-required=\"yes\" required aria-required=\"true\"\/><\/div><\/div><\/div>\n\n<\/div><\/div>\n\n<style>.kb-row-layout-id2101_a3837c-bd > .kt-row-column-wrap{align-content:start;}:where(.kb-row-layout-id2101_a3837c-bd > .kt-row-column-wrap) > .wp-block-kadence-column{justify-content:start;}.kb-row-layout-id2101_a3837c-bd > .kt-row-column-wrap{column-gap:var(--global-kb-gap-md, 2rem);row-gap:var(--global-kb-gap-md, 2rem);padding-top:0px;padding-right:0px;padding-bottom:0px;padding-left:0px;grid-template-columns:repeat(2, minmax(0, 1fr));}.kb-row-layout-id2101_a3837c-bd > .kt-row-layout-overlay{opacity:0.30;}@media all and (max-width: 1024px){.kb-row-layout-id2101_a3837c-bd > .kt-row-column-wrap{grid-template-columns:repeat(2, minmax(0, 1fr));}}@media all and (max-width: 767px){.kb-row-layout-id2101_a3837c-bd > .kt-row-column-wrap{grid-template-columns:minmax(0, 1fr);}}<\/style><div class=\"kb-row-layout-wrap kb-row-layout-id2101_a3837c-bd alignnone wp-block-kadence-rowlayout\"><div class=\"kt-row-column-wrap kt-has-2-columns kt-row-layout-equal kt-tab-layout-inherit kt-mobile-layout-row kt-row-valign-top\">\n<style>.kadence-column2101_31f2a6-d8 > .kt-inside-inner-col,.kadence-column2101_31f2a6-d8 > .kt-inside-inner-col:before{border-top-left-radius:0px;border-top-right-radius:0px;border-bottom-right-radius:0px;border-bottom-left-radius:0px;}.kadence-column2101_31f2a6-d8 > .kt-inside-inner-col{column-gap:var(--global-kb-gap-sm, 1rem);}.kadence-column2101_31f2a6-d8 > .kt-inside-inner-col{flex-direction:column;}.kadence-column2101_31f2a6-d8 > .kt-inside-inner-col > .aligncenter{width:100%;}.kadence-column2101_31f2a6-d8 > .kt-inside-inner-col:before{opacity:0.3;}.kadence-column2101_31f2a6-d8{position:relative;}@media all and (max-width: 1024px){.kadence-column2101_31f2a6-d8 > .kt-inside-inner-col{flex-direction:column;justify-content:center;}}@media all and (max-width: 767px){.kadence-column2101_31f2a6-d8 > .kt-inside-inner-col{flex-direction:column;justify-content:center;}}<\/style>\n<div class=\"wp-block-kadence-column kadence-column2101_31f2a6-d8\"><div class=\"kt-inside-inner-col\"><div class=\"kb-adv-form-field kb-adv-form-infield-type-input kb-field2103c4774f-7b wp-block-kadence-advanced-form-select\"><label class=\"kb-adv-form-label\" for=\"field2103c4774f-7b\">A t\u00faa relaci\u00f3n con A Casa de Galicia Centro Hist\u00f3rico-Cultural<\/label><select  name=\"fieldc4774f-7b\" id=\"field2103c4774f-7b\" ><option value=\"Socio\">Socio<\/option><option value=\"Amigo\">Amigo<\/option><\/select><\/div><\/div><\/div>\n\n\n<style>.kadence-column2101_66c52d-9e > .kt-inside-inner-col,.kadence-column2101_66c52d-9e > .kt-inside-inner-col:before{border-top-left-radius:0px;border-top-right-radius:0px;border-bottom-right-radius:0px;border-bottom-left-radius:0px;}.kadence-column2101_66c52d-9e > .kt-inside-inner-col{column-gap:var(--global-kb-gap-sm, 1rem);}.kadence-column2101_66c52d-9e > .kt-inside-inner-col{flex-direction:column;}.kadence-column2101_66c52d-9e > .kt-inside-inner-col > .aligncenter{width:100%;}.kadence-column2101_66c52d-9e > .kt-inside-inner-col:before{opacity:0.3;}.kadence-column2101_66c52d-9e{position:relative;}@media all and (max-width: 1024px){.kadence-column2101_66c52d-9e > .kt-inside-inner-col{flex-direction:column;justify-content:center;}}@media all and (max-width: 767px){.kadence-column2101_66c52d-9e > .kt-inside-inner-col{flex-direction:column;justify-content:center;}}<\/style>\n<div class=\"wp-block-kadence-column kadence-column2101_66c52d-9e\"><div class=\"kt-inside-inner-col\"><div class=\"kb-adv-form-field kb-adv-form-infield-type-input kb-field21034f01c8-01 wp-block-kadence-advanced-form-select\"><label class=\"kb-adv-form-label\" for=\"field21034f01c8-01\">A t\u00faa relaci\u00f3n con Casa de Galicia<\/label><select  name=\"field4f01c8-01\" id=\"field21034f01c8-01\" ><option value=\"Amigo\">Amigo<\/option><option value=\"Socio\">Socio<\/option><option value=\"Familiar de socio\">Familiar de socio<\/option><option value=\"Outro\">Outro<\/option><\/select><\/div><\/div><\/div>\n\n<\/div><\/div>\n\n<div class=\"kb-adv-form-field kb-adv-form-file-type-input kb-adv-form-infield-type-input kb-field21034b98f1-fd wp-block-kadence-advanced-form-file\"><label class=\"kb-adv-form-label\" for=\"field21034b98f1-fd\">Adxunta a t\u00faa foto ou v\u00eddeo<\/label><input name=\"field4b98f1-fd[]\" id=\"field21034b98f1-fd\" data-label=\"Adxunta a t\u00faa foto ou v\u00eddeo\" type=\"file\" placeholder=\"\" value=\"\" data-type=\"file\" class=\"kb-field kb-file-field\" data-required=\"no\"  multiple\/><\/div>\n\n<div class=\"kb-adv-form-field kb-adv-form-text-type-input kb-adv-form-infield-type-input kb-field21033ce7ea-83 wp-block-kadence-advanced-form-textarea\"><label class=\"kb-adv-form-label\" for=\"field21033ce7ea-83\">Descrici\u00f3n do recordo<span class=\"kb-adv-form-required\">*<\/span><\/label><textarea name=\"field3ce7ea-83\" id=\"field21033ce7ea-83\" rows=\"3\"  data-label=\"Descrici\u00f3n do recordo\" placeholder=\"\" data-type=\"textarea\" class=\"kb-field kb-textarea-field\" data-required=\"yes\" required aria-required=\"true\"><\/textarea><\/div>\n\n<div class=\"kb-adv-form-field kb-adv-form-infield-type-input kb-field21034ed2c1-4d wp-block-kadence-advanced-form-select\"><label class=\"kb-adv-form-label\" for=\"field21034ed2c1-4d\">\u00bfAutorizas a publicaci\u00f3n co teu nome?<\/label><select  name=\"field4ed2c1-4d\" id=\"field21034ed2c1-4d\" ><option value=\"Si, co meu nome\">Si, co meu nome<\/option><option value=\"Si, de forma an\u00f3nima\">Si, de forma an\u00f3nima<\/option><option value=\"Prefiro que me consulten antes\">Prefiro que me consulten antes<\/option><\/select><\/div>\n\n<div class=\"kb-adv-form-field kb-field826a26-62 wp-block-kadence-advanced-form-captcha\"><div class=\"h-captcha\" data-language=\"\" data-size=\"normal\" data-theme=\"light\" data-sitekey=\"b13ea372-2044-4b8e-a8c8-792e8be04a8c\"><\/div><\/div>\n\n<style>ul.menu .kb-submit-field .kb-btn67e1a1-ac.kb-button{width:initial;}.kb-submit-field.kb-field67e1a1-ac{justify-content:flex-start;}<\/style><div class=\"kb-adv-form-field kb-submit-field kb-field67e1a1-ac wp-block-kadence-advanced-form-submit\"><button class=\"kb-button kt-button button kb-adv-form-submit-button kb-btn67e1a1-ac kt-btn-size-standard kt-btn-width-type-auto kb-btn-global-fill kt-btn-has-text-true kt-btn-has-svg-false\" type=\"submit\"><span class=\"kt-btn-inner-text\">ENVIAR O MEU RECORDO<\/span><\/button><\/div>\n<input type=\"hidden\" name=\"_kb_adv_form_post_id\" value=\"2103\"><input type=\"hidden\" name=\"action\" value=\"kb_process_advanced_form_submit\"><input type=\"hidden\" name=\"_kb_adv_form_id\" value=\"2103-cpt-id\"><\/form><\/div>\n\n\n<div style=\"background:white; padding:40px; text-align:center; border-top:0.5px solid #e0e0e0; margin-top:10px;\">\n  <p style=\"font-family:'Cinzel',serif; font-size:11px; letter-spacing:2px; color:#c0111a; margin-bottom:12px;\">TAM\u00c9N PODES ENVIARNOS<\/p>\n  <p style=\"font-family:'EB Garamond',serif; font-size:17px; color:#333; margin-bottom:20px;\">\u00bfPrefires enviarnos as fotos por WhatsApp ou email directamente?<\/p>\n  <div style=\"display:flex; justify-content:center; gap:16px; flex-wrap:wrap;\">\n    <a href=\"https:\/\/wa.me\/59892242610\" target=\"_blank\"\n       style=\"background:#25D366; color:white; padding:12px 24px; font-family:'Cinzel',serif; font-size:11px; letter-spacing:1px; text-decoration:none; border-radius:2px;\">\n      &#x1f4f1; WHATSAPP\n    <\/a>\n    <a href=\"mailto:info@acasadegalicia.uy?subject=Recordo para A Nosa Memoria\"\n       style=\"background:#1a2a6c; color:white; padding:12px 24px; font-family:'Cinzel',serif; font-size:11px; letter-spacing:1px; text-decoration:none; border-radius:2px;\">\n      &#x2709; EMAIL\n    <\/a>\n  <\/div>\n<\/div>\n","protected":false},"excerpt":{"rendered":"<p>A NOSA MEMORIA Comparte o teu recordo \u00bfTes fotos, cartas ou recordos de Casa de Galicia? Ax\u00fadanos a constru\u00edr o noso arquivo vivo. \u00bfCOMO FUNCIONA? A t\u00faa historia \u00e9 o&#8230;<\/p>\n","protected":false},"author":1,"featured_media":0,"parent":0,"menu_order":0,"comment_status":"closed","ping_status":"closed","template":"","meta":{"_themeisle_gutenberg_block_has_review":false,"_kad_post_transparent":"","_kad_post_title":"","_kad_post_layout":"","_kad_post_sidebar_id":"","_kad_post_content_style":"","_kad_post_vertical_padding":"","_kad_post_feature":"","_kad_post_feature_position":"","_kad_post_header":false,"_kad_post_footer":false,"_kad_post_classname":"","footnotes":""},"class_list":["post-2101","page","type-page","status-publish","hentry"],"_links":{"self":[{"href":"https:\/\/acasadegalicia.uy\/sitio\/wp-json\/wp\/v2\/pages\/2101","targetHints":{"allow":["GET"]}}],"collection":[{"href":"https:\/\/acasadegalicia.uy\/sitio\/wp-json\/wp\/v2\/pages"}],"about":[{"href":"https:\/\/acasadegalicia.uy\/sitio\/wp-json\/wp\/v2\/types\/page"}],"author":[{"embeddable":true,"href":"https:\/\/acasadegalicia.uy\/sitio\/wp-json\/wp\/v2\/users\/1"}],"replies":[{"embeddable":true,"href":"https:\/\/acasadegalicia.uy\/sitio\/wp-json\/wp\/v2\/comments?post=2101"}],"version-history":[{"count":1,"href":"https:\/\/acasadegalicia.uy\/sitio\/wp-json\/wp\/v2\/pages\/2101\/revisions"}],"predecessor-version":[{"id":2106,"href":"https:\/\/acasadegalicia.uy\/sitio\/wp-json\/wp\/v2\/pages\/2101\/revisions\/2106"}],"wp:attachment":[{"href":"https:\/\/acasadegalicia.uy\/sitio\/wp-json\/wp\/v2\/media?parent=2101"}],"curies":[{"name":"wp","href":"https:\/\/api.w.org\/{rel}","templated":true}]}}