{"id":2265,"date":"2026-05-01T12:40:16","date_gmt":"2026-05-01T15:40:16","guid":{"rendered":"https:\/\/acasadegalicia.uy\/sitio\/?page_id=2265"},"modified":"2026-05-04T16:57:37","modified_gmt":"2026-05-04T19:57:37","slug":"premio-asorey-2","status":"publish","type":"page","link":"https:\/\/acasadegalicia.uy\/sitio\/gl\/premio-asorey-2\/","title":{"rendered":"Premio Asorey"},"content":{"rendered":"\n<div style=\"background:#0f1e40; padding:72px 40px; border-bottom:4px solid #c0111a; display:grid; grid-template-columns:1fr auto; gap:64px; align-items:center;\">\n  \n  <div>\n    <p style=\"font-family:'Cinzel',serif; font-size:11px; letter-spacing:4px; color:rgba(255,255,255,0.4); text-transform:uppercase; margin-bottom:24px;\">A Casa de Galicia \u00b7 Reco\u00f1ecemento Institucional<\/p>\n    <h1 style=\"font-family:'Cinzel',serif; font-size:52px; font-weight:900; color:white; letter-spacing:3px; text-transform:uppercase; line-height:1.1; margin-bottom:8px;\">Premio <span style=\"color:#c0111a; font-style:italic;\">Asorey<\/span><\/h1>\n    <p style=\"font-family:'Cinzel',serif; font-size:13px; letter-spacing:5px; color:rgba(255,255,255,0.3); text-transform:uppercase; margin-bottom:40px;\">Reco\u00f1ecemento anual \u00e1 cultura galega<\/p>\n    <div style=\"display:flex; align-items:center; gap:16px;\">\n      <div style=\"width:80px; height:1px; background:rgba(192,17,26,0.5);\"><\/div>\n      <div style=\"width:6px; height:6px; border-radius:50%; background:#c0111a;\"><\/div>\n      <div style=\"width:80px; height:1px; background:rgba(192,17,26,0.5);\"><\/div>\n    <\/div>\n  <\/div>\n\n  <div style=\"text-align:center;\">\n    <img data-opt-id=992048418  fetchpriority=\"high\" decoding=\"async\" src=\"https:\/\/mlqp0balqxgu.i.optimole.com\/w:auto\/h:auto\/q:mauto\/f:best\/https:\/\/acasadegalicia.uy\/sitio\/wp-content\/uploads\/2026\/05\/a_santa_web-1.png\" \n         alt=\"A Santa de Asorey\" \n         style=\"height:320px; width:auto; object-fit:contain; filter:drop-shadow(0 0 24px rgba(192,17,26,0.3));\">\n    <p style=\"font-family:'EB Garamond',serif; font-size:13px; font-style:italic; color:rgba(255,255,255,0.25); margin-top:12px;\">\u00abA Santa\u00bb \u00b7 Francisco Asorey<\/p>\n  <\/div>\n\n<\/div>\n\n\n\n\n<div style=\"background:#f4f4f2; padding:72px 40px; display:grid; grid-template-columns:1fr 2fr; gap:64px; align-items:start;\">\n\n  <div style=\"position:sticky; top:40px;\">\n    <div class=\"sec-label-custom\" style=\"margin-bottom:8px; margin-top:0;\"><span>O PREMIO<\/span><span class=\"linea\"><\/span><\/div>\n    <h2 style=\"font-family:'Cinzel',serif; font-size:26px; font-weight:700; color:#1a2a6c; line-height:1.3; margin-bottom:16px;\">\u00bfQue \u00e9 o Premio Asorey?<\/h2>\n    <p style=\"font-family:'EB Garamond',serif; font-size:15px; color:#666; line-height:1.8; font-style:italic;\">Institu\u00eddo por A Casa de Galicia en honra \u00e1 obra do escultor Francisco Asorey e a s\u00faa ic\u00f3nica \u00abA Santa\u00bb, propiedade de Casa de Galicia.<\/p>\n  <\/div>\n\n  <div style=\"background:white; border-left:3px solid #1a2a6c; border-radius:0 8px 8px 0; padding:40px 48px;\">\n    <p style=\"font-family:'EB Garamond',serif; font-size:18px; line-height:1.9; color:#333;\">\n      Instit\u00faese o Premio <strong style=\"color:#1a2a6c;\">\u00abAsorey\u00bb<\/strong>, a outorgarse anualmente \u00e1s instituci\u00f3ns ou persoas, galegas ou os seus descendentes, que coa s\u00faa obra e traballo no \u00e1mbito das distintas <strong style=\"color:#1a2a6c;\">artes e ciencias<\/strong> enaltezan a Galicia e a s\u00faa cultura, contribu\u00edndo a deixar a s\u00faa pegada na <strong style=\"color:#1a2a6c;\">formaci\u00f3n da identidade uruguaia<\/strong>.\n    <\/p>\n  <\/div>\n\n<\/div>\n\n\n\n\n<div style=\"background:white; padding:72px 40px;\">\n  <div style=\"max-width:800px; margin:0 auto;\">\n    <div class=\"sec-label-custom\" style=\"margin-bottom:8px; margin-top:0;\"><span>HISTORIA<\/span><span class=\"linea\"><\/span><\/div>\n    <h2 style=\"font-family:'Cinzel',serif; font-size:32px; font-weight:700; color:#1a2a6c; margin-bottom:32px;\">A orixe do premio<\/h2>\n\n    <p style=\"font-family:'EB Garamond',serif; font-size:17px; line-height:1.9; color:#333; margin-bottom:20px;\">Uns poucos meses despois de fundada A Casa de Galicia, como continuidade hist\u00f3rica de Casa de Galicia e para preservar o seu patrimonio social, hist\u00f3rico e cultural, xurdiu o so\u00f1o de institu\u00edr un premio ou reco\u00f1ecemento a outorgarse anualmente, coincidindo co aniversario da fundaci\u00f3n de Casa de Galicia e na s\u00faa lembranza.<\/p>\n\n    <div style=\"font-size:20px; font-style:italic; color:#1a2a6c; border-left:3px solid #c0111a; padding:16px 24px; margin:32px 0; background:#f4f4f2; border-radius:0 4px 4px 0; line-height:1.7; font-family:'EB Garamond',serif;\">\n      \u00abPensamos inmediatamente que poder\u00eda chamarse Premio Asorey e representar\u00edase cunha reproduci\u00f3n da s\u00faa obra &#8216;A Santa&#8217;, propiedade de Casa de Galicia, polo seu evidente simbolismo e a s\u00faa imaxe ligada indisolublemente a Casa de Galicia.\u00bb\n    <\/div>\n\n    <p style=\"font-family:'EB Garamond',serif; font-size:17px; line-height:1.9; color:#333; margin-bottom:20px;\">Aceptada a idea con entusiasmo en reuni\u00f3n de directiva, resolveuse que devandito premio se outorgar\u00eda \u00e1s instituci\u00f3ns ou persoas galegas ou os seus descendentes, que coa s\u00faa obra e traballo no \u00e1mbito das distintas artes e ciencias enaltezan a Galicia e a s\u00faa cultura.<\/p>\n\n    <p style=\"font-family:'EB Garamond',serif; font-size:17px; line-height:1.9; color:#333; font-style:italic;\">Outra das quimeras de A Casa de Galicia posta en marcha\u2026<\/p>\n  <\/div>\n<\/div>\n\n\n\n\n<div style=\"background:#f4f4f2; padding:72px 40px;\">\n  <div class=\"sec-label-custom\" style=\"margin-bottom:8px; margin-top:0;\"><span>HOMENAXEADOS<\/span><span class=\"linea\"><\/span><\/div>\n  <h2 style=\"font-family:'Cinzel',serif; font-size:32px; font-weight:700; color:#1a2a6c; margin-bottom:48px;\">Edici\u00f3ns do Premio Asorey<\/h2>\n\n  <div style=\"position:relative; max-width:900px;\">\n\n    <div style=\"position:absolute; left:52px; top:0; bottom:0; width:2px; background:linear-gradient(to bottom, #1a2a6c, rgba(26,42,108,0.08));\"><\/div>\n\n    <!-- 2024 \u2014 Cristina Fern\u00e1ndez -->\n    <div style=\"display:grid; grid-template-columns:104px 1fr; gap:32px; align-items:start; margin-bottom:40px; position:relative;\">\n      <div style=\"display:flex; flex-direction:column; align-items:center; gap:8px; position:relative; z-index:1;\">\n        <div style=\"width:56px; height:56px; border-radius:50%; background:#1a2a6c; display:flex; align-items:center; justify-content:center; font-family:'Cinzel',serif; font-size:11px; font-weight:700; color:white;\">2024<\/div>\n        <div style=\"font-family:'Cinzel',serif; font-size:9px; letter-spacing:1px; color:rgba(26,42,108,0.4); text-transform:uppercase;\">1\u00aa edici\u00f3n<\/div>\n      <\/div>\n      <div style=\"background:white; border-radius:8px; overflow:hidden; box-shadow:0 2px 16px rgba(0,0,0,0.06); border-left:3px solid #1a2a6c;\">\n        <div style=\"padding:16px 28px; border-bottom:1px solid #f0f0f0;\">\n          <span style=\"font-family:'Cinzel',serif; font-size:10px; font-weight:700; letter-spacing:3px; color:#c0111a; text-transform:uppercase;\">Primeira edici\u00f3n \u00b7 2024<\/span>\n        <\/div>\n        <div style=\"padding:24px 28px 28px; display:grid; grid-template-columns:auto 1fr; gap:20px; align-items:start;\">\n          <div style=\"width:60px; height:60px; border-radius:50%; background:#f4f4f2; display:flex; align-items:center; justify-content:center; font-size:28px; flex-shrink:0; border:2px solid #eee;\">&#x1f3a4;<\/div>\n          <div>\n            <h3 style=\"font-family:'Cinzel',serif; font-size:22px; font-weight:700; color:#1a2a6c; margin-bottom:4px;\">Cristina Fern\u00e1ndez<\/h3>\n            <span style=\"font-family:'Cinzel',serif; font-size:10px; letter-spacing:2px; color:#c0111a; text-transform:uppercase; margin-bottom:12px; display:block;\">Cantante \u00b7 M\u00fasica tradicional galega<\/span>\n            <p style=\"font-family:'EB Garamond',serif; font-size:15px; color:#666; line-height:1.7; font-style:italic;\">Filla do querido e recordado Pepe Fern\u00e1ndez, estivo sempre xunto \u00e1 colectividade galega, enaltecendo a cultura galega e o seu idioma durante tantos anos. Socia fundadora de A Casa de Galicia Centro Hist\u00f3rico-Cultural.<\/p>\n          <\/div>\n        <\/div>\n      <\/div>\n    <\/div>\n\n    <!-- 2025 \u2014 Carlos Gonz\u00e1lez -->\n    <div style=\"display:grid; grid-template-columns:104px 1fr; gap:32px; align-items:start; margin-bottom:40px; position:relative;\">\n      <div style=\"display:flex; flex-direction:column; align-items:center; gap:8px; position:relative; z-index:1;\">\n        <div style=\"width:56px; height:56px; border-radius:50%; background:#c0111a; display:flex; align-items:center; justify-content:center; font-family:'Cinzel',serif; font-size:11px; font-weight:700; color:white; box-shadow:0 0 0 4px rgba(192,17,26,0.15);\">2025<\/div>\n        <div style=\"font-family:'Cinzel',serif; font-size:9px; letter-spacing:1px; color:rgba(26,42,108,0.4); text-transform:uppercase;\">2\u00aa edici\u00f3n<\/div>\n      <\/div>\n      <div style=\"background:white; border-radius:8px; overflow:hidden; box-shadow:0 4px 24px rgba(192,17,26,0.1); border-left:3px solid #c0111a;\">\n        <div style=\"padding:16px 28px; border-bottom:1px solid #f0f0f0; display:flex; justify-content:space-between; align-items:center;\">\n          <span style=\"font-family:'Cinzel',serif; font-size:10px; font-weight:700; letter-spacing:3px; color:#c0111a; text-transform:uppercase;\">Segunda edici\u00f3n \u00b7 2025<\/span>\n          <span style=\"font-family:'Cinzel',serif; font-size:9px; letter-spacing:2px; background:#c0111a; color:white; padding:3px 10px; border-radius:2px; text-transform:uppercase;\">\u00daltima edici\u00f3n<\/span>\n        <\/div>\n        <div style=\"padding:24px 28px 28px; display:grid; grid-template-columns:auto 1fr; gap:20px; align-items:start;\">\n          <div style=\"width:60px; height:60px; border-radius:50%; background:#f4f4f2; display:flex; align-items:center; justify-content:center; font-size:28px; flex-shrink:0; border:2px solid #eee;\">&#x1f3b5;<\/div>\n          <div>\n            <h3 style=\"font-family:'Cinzel',serif; font-size:22px; font-weight:700; color:#1a2a6c; margin-bottom:4px;\">Vicente Carlos Gonz\u00e1lez<\/h3>\n            <span style=\"font-family:'Cinzel',serif; font-size:10px; letter-spacing:2px; color:#c0111a; text-transform:uppercase; margin-bottom:12px; display:block;\">Gaiteiro \u00b7 Mestre de m\u00fasica tradicional galega<\/span>\n            <p style=\"font-family:'EB Garamond',serif; font-size:15px; color:#666; line-height:1.7; font-style:italic; margin-bottom:16px;\">Alumno dilecto de Celestino Pichel, o m\u00e1is reco\u00f1ecido gaiteiro da emigraci\u00f3n, \u00e9 hoxe o mellor gaiteiro da emigraci\u00f3n galega. Desde os 9 anos dedicou a s\u00faa vida \u00e1 m\u00fasica tradicional galega, percorrendo escenarios de Uruguai, Arxentina, Chile e Galicia. Socio fundador de A Casa de Galicia e director art\u00edstico da Escola de Gaitas e Percusi\u00f3n \u00abCelestino Pichel\u00bb.<\/p>\n            <div style=\"display:flex; flex-wrap:wrap; gap:8px;\">\n              <span style=\"font-family:'Cinzel',serif; font-size:9px; letter-spacing:1px; color:#1a2a6c; background:#f4f4f2; padding:4px 10px; border-radius:2px; text-transform:uppercase;\">Banda Irmandade \u00b7 +20 anos<\/span>\n              <span style=\"font-family:'Cinzel',serif; font-size:9px; letter-spacing:1px; color:#1a2a6c; background:#f4f4f2; padding:4px 10px; border-radius:2px; text-transform:uppercase;\">Finalista Constantino Bell\u00f3n 2006 e 2008<\/span>\n              <span style=\"font-family:'Cinzel',serif; font-size:9px; letter-spacing:1px; color:#1a2a6c; background:#f4f4f2; padding:4px 10px; border-radius:2px; text-transform:uppercase;\">Xacobeo 1993 e 1999<\/span>\n              <span style=\"font-family:'Cinzel',serif; font-size:9px; letter-spacing:1px; color:#1a2a6c; background:#f4f4f2; padding:4px 10px; border-radius:2px; text-transform:uppercase;\">Go Talent<\/span>\n            <\/div>\n          <\/div>\n        <\/div>\n      <\/div>\n    <\/div>\n\n    <!-- 2026 \u2014 Pr\u00f3xima -->\n    <div style=\"display:grid; grid-template-columns:104px 1fr; gap:32px; align-items:start; position:relative;\">\n      <div style=\"display:flex; flex-direction:column; align-items:center; gap:8px; position:relative; z-index:1;\">\n        <div style=\"width:56px; height:56px; border-radius:50%; background:transparent; border:2px dashed rgba(26,42,108,0.25); display:flex; align-items:center; justify-content:center; font-family:'Cinzel',serif; font-size:11px; font-weight:700; color:rgba(26,42,108,0.35);\">2026<\/div>\n        <div style=\"font-family:'Cinzel',serif; font-size:9px; letter-spacing:1px; color:rgba(26,42,108,0.4); text-transform:uppercase;\">3\u00aa edici\u00f3n<\/div>\n      <\/div>\n      <div style=\"background:rgba(255,255,255,0.5); border-radius:8px; border:1px dashed rgba(26,42,108,0.15);\">\n        <div style=\"padding:16px 28px; display:flex; justify-content:space-between; align-items:center;\">\n          <span style=\"font-family:'Cinzel',serif; font-size:10px; font-weight:700; letter-spacing:3px; color:rgba(26,42,108,0.3); text-transform:uppercase;\">Terceira edici\u00f3n \u00b7 2026<\/span>\n          <span style=\"font-family:'Cinzel',serif; font-size:9px; letter-spacing:2px; border:1px dashed rgba(26,42,108,0.25); color:rgba(26,42,108,0.4); padding:3px 10px; border-radius:2px; text-transform:uppercase;\">Proximamente<\/span>\n        <\/div>\n        <div style=\"padding:32px 28px; text-align:center;\">\n          <div style=\"font-size:40px; margin-bottom:12px; opacity:0.2;\">&#x1f3c6;<\/div>\n          <p style=\"font-family:'Cinzel',serif; font-size:11px; letter-spacing:2px; color:rgba(26,42,108,0.3); text-transform:uppercase;\">A anunciarse no pr\u00f3ximo aniversario de Casa de Galicia \u00b7 Outubro 2026<\/p>\n        <\/div>\n      <\/div>\n    <\/div>\n\n  <\/div>\n<\/div>\n\n\n\n\n<div style=\"background:#1a2a6c; padding:52px 40px; text-align:center; border-top:3px solid #c0111a;\">\n  <p style=\"font-family:'Cinzel',serif; font-size:11px; letter-spacing:3px; color:rgba(255,255,255,0.4); text-transform:uppercase; margin-bottom:16px;\">Reco\u00f1ecemento institucional<\/p>\n  <h2 style=\"font-family:'Cinzel',serif; font-size:28px; font-weight:700; color:white; margin-bottom:12px;\">Premio Asorey 2026<\/h2>\n  <p style=\"font-family:'EB Garamond',serif; font-size:17px; color:rgba(255,255,255,0.6); font-style:italic; margin-bottom:0;\">A anunciarse no pr\u00f3ximo aniversario de Casa de Galicia \u00b7 Outubro 2026<\/p>\n<\/div>\n\n\n\n\n<p><\/p>\n","protected":false},"excerpt":{"rendered":"<p>A Casa de Galicia \u00b7 Reco\u00f1ecemento Institucional Premio Asorey Reco\u00f1ecemento anual \u00e1 cultura galega \u00abA Santa\u00bb \u00b7 Francisco Asorey O PREMIO \u00bfQue \u00e9 o Premio Asorey? Institu\u00eddo por A Casa&#8230;<\/p>\n","protected":false},"author":1,"featured_media":0,"parent":0,"menu_order":0,"comment_status":"closed","ping_status":"closed","template":"","meta":{"_themeisle_gutenberg_block_has_review":false,"_kad_post_transparent":"","_kad_post_title":"","_kad_post_layout":"","_kad_post_sidebar_id":"","_kad_post_content_style":"","_kad_post_vertical_padding":"","_kad_post_feature":"","_kad_post_feature_position":"","_kad_post_header":false,"_kad_post_footer":false,"_kad_post_classname":"","footnotes":""},"class_list":["post-2265","page","type-page","status-publish","hentry"],"_links":{"self":[{"href":"https:\/\/acasadegalicia.uy\/sitio\/wp-json\/wp\/v2\/pages\/2265","targetHints":{"allow":["GET"]}}],"collection":[{"href":"https:\/\/acasadegalicia.uy\/sitio\/wp-json\/wp\/v2\/pages"}],"about":[{"href":"https:\/\/acasadegalicia.uy\/sitio\/wp-json\/wp\/v2\/types\/page"}],"author":[{"embeddable":true,"href":"https:\/\/acasadegalicia.uy\/sitio\/wp-json\/wp\/v2\/users\/1"}],"replies":[{"embeddable":true,"href":"https:\/\/acasadegalicia.uy\/sitio\/wp-json\/wp\/v2\/comments?post=2265"}],"version-history":[{"count":1,"href":"https:\/\/acasadegalicia.uy\/sitio\/wp-json\/wp\/v2\/pages\/2265\/revisions"}],"predecessor-version":[{"id":2266,"href":"https:\/\/acasadegalicia.uy\/sitio\/wp-json\/wp\/v2\/pages\/2265\/revisions\/2266"}],"wp:attachment":[{"href":"https:\/\/acasadegalicia.uy\/sitio\/wp-json\/wp\/v2\/media?parent=2265"}],"curies":[{"name":"wp","href":"https:\/\/api.w.org\/{rel}","templated":true}]}}