{"id":332,"date":"2024-09-24T20:09:15","date_gmt":"2024-09-24T23:09:15","guid":{"rendered":"https:\/\/acasadegalicia.uy\/sitio\/?page_id=332"},"modified":"2024-09-24T20:11:47","modified_gmt":"2024-09-24T23:11:47","slug":"comision-directiva","status":"publish","type":"page","link":"https:\/\/acasadegalicia.uy\/sitio\/institucional\/comision-directiva\/","title":{"rendered":"Comisi\u00f3n Directiva"},"content":{"rendered":"[et_pb_section fb_built=\u00bb1&#8243; fullwidth=\u00bbon\u00bb admin_label=\u00bbHero\u00bb _builder_version=\u00bb4.25.1&#8243; background_color=\u00bb#FFFFFF\u00bb use_background_color_gradient=\u00bbon\u00bb background_image=\u00bbhttp:\/\/acasadegalicia.uy\/sitio\/wp-content\/uploads\/2023\/07\/IMG_0484-scaled.jpeg\u00bb background_enable_video_mp4=\u00bboff\u00bb top_divider_style=\u00bbarrow2&#8243; top_divider_color=\u00bb#990f0f\u00bb global_colors_info=\u00bb{}\u00bb theme_builder_area=\u00bbpost_content\u00bb][et_pb_fullwidth_header subhead=\u00bbComisi\u00f3n Directiva 2024-2026&#8243; button_one_text=\u00bbDescargar Introducci\u00f3n Acta Fundacional\u00bb content_max_width=\u00bb600px\u00bb _builder_version=\u00bb4.25.1&#8243; title_font=\u00bbRubik|700||on|||||\u00bb title_text_color=\u00bb#ce221c\u00bb title_font_size=\u00bb16px\u00bb title_letter_spacing=\u00bb5px\u00bb title_line_height=\u00bb0.5em\u00bb content_font=\u00bbRubik||||||||\u00bb content_font_size=\u00bb18px\u00bb subhead_font=\u00bbRubik|700|||||||\u00bb subhead_text_color=\u00bb#FFFFFF\u00bb subhead_font_size=\u00bb50px\u00bb subhead_line_height=\u00bb1.5em\u00bb background_color=\u00bbrgba(255,255,255,0)\u00bb use_background_color_gradient=\u00bbon\u00bb background_color_gradient_stops=\u00bbrgba(255,255,255,0) 50%|rgba(255,255,255,0.7) 100%\u00bb background_color_gradient_start=\u00bbrgba(255,255,255,0)\u00bb background_color_gradient_start_position=\u00bb50%\u00bb background_color_gradient_end=\u00bbrgba(255,255,255,0.7)\u00bb background_size=\u00bbcontain\u00bb background_position=\u00bbbottom_center\u00bb custom_button_one=\u00bbon\u00bb button_one_text_size=\u00bb16px\u00bb button_one_text_color=\u00bb#FFFFFF\u00bb button_one_bg_color=\u00bb#aa1717&#8243; button_one_border_width=\u00bb15px\u00bb button_one_border_color=\u00bbrgba(210,159,104,0)\u00bb button_one_border_radius=\u00bb100px\u00bb button_one_letter_spacing=\u00bb0px\u00bb button_one_font=\u00bbRubik|700|||||||\u00bb button_one_icon=\u00bb&#x69;||divi||400&#8243; custom_button_two=\u00bbon\u00bb button_two_text_size=\u00bb16px\u00bb button_two_text_color=\u00bb#ffffff\u00bb button_two_bg_color=\u00bbrgba(0,0,0,0.6)\u00bb button_two_border_width=\u00bb15px\u00bb button_two_border_color=\u00bbrgba(210,159,104,0)\u00bb button_two_border_radius=\u00bb100px\u00bb button_two_letter_spacing=\u00bb0px\u00bb button_two_font=\u00bbRubik|700|||||||\u00bb button_two_use_icon=\u00bboff\u00bb max_width_last_edited=\u00bboff|desktop\u00bb module_alignment=\u00bbcenter\u00bb custom_margin=\u00bb|||\u00bb custom_padding=\u00bb8vw||21vw|||\u00bb link_option_url_new_window=\u00bbon\u00bb subhead_font_size_tablet=\u00bb\u00bb subhead_font_size_phone=\u00bb30px\u00bb subhead_font_size_last_edited=\u00bbon|phone\u00bb text_shadow_style=\u00bbpreset3&#8243; button_one_border_radius_hover=\u00bb100px\u00bb button_two_border_radius_hover=\u00bb100px\u00bb button_one_bg_color_hover=\u00bb#ff8a70&#8243; button_two_bg_color_hover=\u00bb#ff8a70&#8243; global_colors_info=\u00bb{}\u00bb button_one_text_size__hover_enabled=\u00bboff\u00bb button_two_text_size__hover_enabled=\u00bboff\u00bb button_one_text_color__hover_enabled=\u00bboff\u00bb button_two_text_color__hover_enabled=\u00bboff\u00bb button_one_border_width__hover_enabled=\u00bboff\u00bb button_two_border_width__hover_enabled=\u00bboff\u00bb button_one_border_color__hover_enabled=\u00bboff\u00bb button_two_border_color__hover_enabled=\u00bboff\u00bb button_one_border_radius__hover_enabled=\u00bbon\u00bb button_one_border_radius__hover=\u00bb100px\u00bb button_two_border_radius__hover_enabled=\u00bbon\u00bb button_two_border_radius__hover=\u00bb100px\u00bb button_one_letter_spacing__hover_enabled=\u00bboff\u00bb button_two_letter_spacing__hover_enabled=\u00bboff\u00bb button_one_bg_color__hover_enabled=\u00bbon\u00bb button_one_bg_color__hover=\u00bb#ff8a70&#8243; button_two_bg_color__hover_enabled=\u00bbon\u00bb button_two_bg_color__hover=\u00bb#ff8a70&#8243; theme_builder_area=\u00bbpost_content\u00bb]<p>A Casa de Galicia Centro Hist\u00f3rico-Cultural<\/p>[\/et_pb_fullwidth_header][\/et_pb_section][et_pb_section fb_built=\u00bb1&#8243; _builder_version=\u00bb4.16&#8243; background_color=\u00bb#3a5063&#8243; background_size=\u00bbcontain\u00bb background_position=\u00bbtop_center\u00bb custom_padding=\u00bb|||\u00bb global_colors_info=\u00bb{}\u00bb theme_builder_area=\u00bbpost_content\u00bb][\/et_pb_section][et_pb_section fb_built=\u00bb1&#8243; admin_label=\u00bbStaff\u00bb _builder_version=\u00bb4.16&#8243; custom_padding=\u00bb|||\u00bb bottom_divider_style=\u00bbasymmetric2&#8243; bottom_divider_color=\u00bb#af1616&#8243; global_colors_info=\u00bb{}\u00bb theme_builder_area=\u00bbpost_content\u00bb][et_pb_row admin_label=\u00bbTitle Row\u00bb _builder_version=\u00bb4.16&#8243; global_colors_info=\u00bb{}\u00bb theme_builder_area=\u00bbpost_content\u00bb][et_pb_column type=\u00bb4_4&#8243; _builder_version=\u00bb4.16&#8243; custom_padding=\u00bb|||\u00bb global_colors_info=\u00bb{}\u00bb custom_padding__hover=\u00bb|||\u00bb theme_builder_area=\u00bbpost_content\u00bb][et_pb_text _builder_version=\u00bb4.16&#8243; text_font=\u00bbRubik|500|||||||\u00bb text_font_size=\u00bb16px\u00bb text_line_height=\u00bb2em\u00bb header_font=\u00bb||||||||\u00bb header_2_font=\u00bbRubik|700|||||||\u00bb header_2_font_size=\u00bb40px\u00bb header_2_line_height=\u00bb1.4em\u00bb header_5_font=\u00bbRubik|700||on|||||\u00bb header_5_text_color=\u00bb#2b76df\u00bb header_5_letter_spacing=\u00bb5px\u00bb header_5_line_height=\u00bb1.5em\u00bb text_orientation=\u00bbcenter\u00bb max_width=\u00bb600px\u00bb module_alignment=\u00bbcenter\u00bb text_line_height_last_edited=\u00bboff|desktop\u00bb global_colors_info=\u00bb{}\u00bb theme_builder_area=\u00bbpost_content\u00bb]<h5>Nuestro equipo<\/h5>\n<h2>Comisi\u00f3n Directiva<\/h2>\n<h2>2024-2026<\/h2>\n<p>&nbsp;<\/p>[\/et_pb_text][\/et_pb_column][\/et_pb_row][et_pb_row _builder_version=\u00bb4.16&#8243; _module_preset=\u00bbdefault\u00bb custom_margin=\u00bb|auto|41px|auto||\u00bb global_colors_info=\u00bb{}\u00bb theme_builder_area=\u00bbpost_content\u00bb][et_pb_column type=\u00bb4_4&#8243; _builder_version=\u00bb4.16&#8243; _module_preset=\u00bbdefault\u00bb global_colors_info=\u00bb{}\u00bb theme_builder_area=\u00bbpost_content\u00bb][et_pb_text _builder_version=\u00bb4.16&#8243; _module_preset=\u00bbdefault\u00bb global_colors_info=\u00bb{}\u00bb theme_builder_area=\u00bbpost_content\u00bb]<p><\/p>\n<p><strong>Presidenta<\/strong>: Mar\u00eda del Carmen Fern\u00e1ndez Salgueiro<\/p>\n<p> <\/p>\n<p><strong>Vicepresidente<\/strong>: Jos\u00e9 Antonio Antelo Parafita<\/p>\n<p> <\/p>\n<p><strong>Secretaria<\/strong>: Mar\u00eda del Luj\u00e1n V\u00e1zquez Casti\u00f1eiras<\/p>\n<p> <\/p>\n<p><strong>Prosecretaria<\/strong>: Mar\u00eda Vicente Gonz\u00e1lez Ruiz<\/p>\n<p> <\/p>\n<p><strong>Tesorero<\/strong>: Gonzalo Fontenla Mihura<\/p>\n<p> <\/p>\n<p><strong>Protesorera<\/strong>: Mar\u00eda Elena Gende Mosquera<\/p>\n<p> <\/p>\n<p><strong>Secretario de Actas<\/strong>: Jos\u00e9 V. V\u00e1zquez Fern\u00e1ndez<\/p>\n<p> <\/p>\n<p><strong>Sec. de Desarrollo y Prensa<\/strong>: Manuel Xos\u00e9 L\u00f3pez Faraldo<\/p>\n<p> <\/p>\n<p><strong>Bibliotecario<\/strong>: Ismael Armando Mart\u00ednez Maldonado<\/p>\n<p> <\/p>\n<p><strong>Suplentes<\/strong>: Rom\u00e1n Nogueira Gonz\u00e1lez, Manuel Calvo Villaverde, Mar\u00eda Teresa Parga Santiago, Jos\u00e9 Pi\u00f1eiro Garc\u00eda, Vicente Carlos Gonz\u00e1lez Siri, Santiago Inguanzo Cal, Mar\u00eda Elena Pastoriza Rosales, Iris Mabel Collazo Dieguez y Mar\u00eda Aurora Fern\u00e1ndez Salgueiro.<\/p>\n<p> <\/p>\n<p><strong>Comisi\u00f3n Fiscal:<\/strong><\/p>\n<p> <\/p>\n<p><strong>Titulares<\/strong>: Constantino Maro Rivas, Eduardo Alonso Gonz\u00e1lez y Pablo Mario Caimi Larramendy.<\/p>\n<p> <\/p>\n<p><strong>Suplentes<\/strong>: Basilio Pose Garc\u00eda, Mar\u00eda Fernanda L\u00f3pez V\u00e1zquez y Sara Gonz\u00e1lez P\u00e9rez.<\/p>\n<p><\/p>\n<p>&nbsp;<\/p>[\/et_pb_text][et_pb_image src=\u00bbhttp:\/\/acasadegalicia.uy\/sitio\/wp-content\/uploads\/2024\/09\/directivos-dia-de-la-votacion-2024-1.jpg\u00bb title_text=\u00bbdirectivos dia de la votacion 2024&#8243; _builder_version=\u00bb4.25.1&#8243; _module_preset=\u00bbdefault\u00bb global_colors_info=\u00bb{}\u00bb theme_builder_area=\u00bbpost_content\u00bb][\/et_pb_image][\/et_pb_column][\/et_pb_row][\/et_pb_section][et_pb_section fb_built=\u00bb1&#8243; _builder_version=\u00bb4.16&#8243; _module_preset=\u00bbdefault\u00bb top_divider_style=\u00bbmountains2&#8243; top_divider_color=\u00bb#af1916&#8243; global_colors_info=\u00bb{}\u00bb theme_builder_area=\u00bbpost_content\u00bb][et_pb_row _builder_version=\u00bb4.16&#8243; _module_preset=\u00bbdefault\u00bb custom_padding=\u00bb50px|||||\u00bb global_colors_info=\u00bb{}\u00bb theme_builder_area=\u00bbpost_content\u00bb][et_pb_column type=\u00bb4_4&#8243; _builder_version=\u00bb4.16&#8243; _module_preset=\u00bbdefault\u00bb global_colors_info=\u00bb{}\u00bb theme_builder_area=\u00bbpost_content\u00bb][et_pb_video_slider _builder_version=\u00bb4.16&#8243; _module_preset=\u00bbdefault\u00bb global_colors_info=\u00bb{}\u00bb theme_builder_area=\u00bbpost_content\u00bb][et_pb_video_slider_item src=\u00bbhttp:\/\/acasadegalicia.uy\/sitio\/wp-content\/uploads\/2022\/05\/VIDEO-2022-05-05-12-36-57.mp4&#8243; _builder_version=\u00bb4.14.8&#8243; _module_preset=\u00bbdefault\u00bb global_colors_info=\u00bb{}\u00bb theme_builder_area=\u00bbpost_content\u00bb show_image_overlay=\u00bboff\u00bb][\/et_pb_video_slider_item][\/et_pb_video_slider][\/et_pb_column][\/et_pb_row][\/et_pb_section]<span class=\"et_bloom_bottom_trigger\"><\/span>","protected":false},"excerpt":{"rendered":"<p>A Casa de Galicia Centro Hist\u00f3rico-CulturalNuestro equipo Comisi\u00f3n Directiva 2024-2026 &nbsp; Presidenta: Mar\u00eda del Carmen Fern\u00e1ndez Salgueiro Vicepresidente: Jos\u00e9 Antonio Antelo Parafita Secretaria: Mar\u00eda del Luj\u00e1n V\u00e1zquez Casti\u00f1eiras Prosecretaria: Mar\u00eda [&hellip;]<\/p>\n","protected":false},"author":1,"featured_media":0,"parent":108,"menu_order":0,"comment_status":"closed","ping_status":"closed","template":"","meta":{"_et_pb_use_builder":"on","_et_pb_old_content":"","_et_gb_content_width":"","_price":"","_stock":"","_tribe_ticket_header":"","_tribe_default_ticket_provider":"","_tribe_ticket_capacity":"0","_ticket_start_date":"","_ticket_end_date":"","_tribe_ticket_show_description":"","_tribe_ticket_show_not_going":false,"_tribe_ticket_use_global_stock":"","_tribe_ticket_global_stock_level":"","_global_stock_mode":"","_global_stock_cap":"","_tribe_rsvp_for_event":"","_tribe_ticket_going_count":"","_tribe_ticket_not_going_count":"","_tribe_tickets_list":[],"_tribe_ticket_has_attendee_info_fields":false,"footnotes":""},"class_list":["post-332","page","type-page","status-publish","hentry"],"jetpack_sharing_enabled":true,"ticketed":false,"_links":{"self":[{"href":"https:\/\/acasadegalicia.uy\/sitio\/wp-json\/wp\/v2\/pages\/332","targetHints":{"allow":["GET"]}}],"collection":[{"href":"https:\/\/acasadegalicia.uy\/sitio\/wp-json\/wp\/v2\/pages"}],"about":[{"href":"https:\/\/acasadegalicia.uy\/sitio\/wp-json\/wp\/v2\/types\/page"}],"author":[{"embeddable":true,"href":"https:\/\/acasadegalicia.uy\/sitio\/wp-json\/wp\/v2\/users\/1"}],"replies":[{"embeddable":true,"href":"https:\/\/acasadegalicia.uy\/sitio\/wp-json\/wp\/v2\/comments?post=332"}],"version-history":[{"count":4,"href":"https:\/\/acasadegalicia.uy\/sitio\/wp-json\/wp\/v2\/pages\/332\/revisions"}],"predecessor-version":[{"id":1487,"href":"https:\/\/acasadegalicia.uy\/sitio\/wp-json\/wp\/v2\/pages\/332\/revisions\/1487"}],"up":[{"embeddable":true,"href":"https:\/\/acasadegalicia.uy\/sitio\/wp-json\/wp\/v2\/pages\/108"}],"wp:attachment":[{"href":"https:\/\/acasadegalicia.uy\/sitio\/wp-json\/wp\/v2\/media?parent=332"}],"curies":[{"name":"wp","href":"https:\/\/api.w.org\/{rel}","templated":true}]}}