{"id":912,"date":"2023-11-15T13:11:55","date_gmt":"2023-11-15T16:11:55","guid":{"rendered":"https:\/\/acasadegalicia.uy\/sitio\/?page_id=912"},"modified":"2024-07-24T22:54:39","modified_gmt":"2024-07-25T01:54:39","slug":"panteon-casa-de-galicia","status":"publish","type":"page","link":"https:\/\/acasadegalicia.uy\/sitio\/panteon-casa-de-galicia\/","title":{"rendered":"Pante\u00f3n Casa de Galicia"},"content":{"rendered":"<p>[et_pb_section fb_built=\u00bb1&#8243; fullwidth=\u00bbon\u00bb admin_label=\u00bbHero\u00bb _builder_version=\u00bb4.23.1&#8243; background_color=\u00bb#FFFFFF\u00bb background_image=\u00bbhttp:\/\/acasadegalicia.uy\/sitio\/wp-content\/uploads\/2023\/11\/IMG_1787.heic\u00bb background_enable_video_mp4=\u00bboff\u00bb top_divider_style=\u00bbarrow2&#8243; top_divider_color=\u00bb#990f0f\u00bb global_colors_info=\u00bb{}\u00bb][et_pb_fullwidth_header subhead=\u00bbPante\u00f3n Social Casa de Galicia\u00bb header_scroll_down=\u00bbon\u00bb scroll_down_icon_color=\u00bb#930e0e\u00bb button_one_text=\u00bbDescargar Reglamento del Pante\u00f3n Social\u00bb button_one_url=\u00bbhttps:\/\/acasadegalicia.uy\/sitio\/wp-content\/uploads\/2023\/11\/Reglamento-de-funcionamiento-Panteon-final.pdf\u00bb background_overlay_color=\u00bbrgba(142,142,142,0.39)\u00bb content_max_width=\u00bb600px\u00bb _builder_version=\u00bb4.23.1&#8243; title_font=\u00bbRubik|700||on|||||\u00bb title_text_color=\u00bb#ce221c\u00bb title_font_size=\u00bb16px\u00bb title_letter_spacing=\u00bb5px\u00bb title_line_height=\u00bb0.5em\u00bb content_font=\u00bbRubik||||||||\u00bb content_font_size=\u00bb18px\u00bb subhead_font=\u00bbRubik|700|||||||\u00bb subhead_text_color=\u00bb#FFFFFF\u00bb subhead_font_size=\u00bb50px\u00bb subhead_line_height=\u00bb1.5em\u00bb background_color=\u00bbrgba(255,255,255,0)\u00bb use_background_color_gradient=\u00bbon\u00bb background_color_gradient_stops=\u00bbrgba(255,255,255,0) 50%|rgba(255,255,255,0.7) 100%\u00bb background_color_gradient_start=\u00bbrgba(255,255,255,0)\u00bb background_color_gradient_start_position=\u00bb50%\u00bb background_color_gradient_end=\u00bbrgba(255,255,255,0.7)\u00bb background_size=\u00bbcontain\u00bb background_position=\u00bbbottom_center\u00bb custom_button_one=\u00bbon\u00bb button_one_text_size=\u00bb16px\u00bb button_one_text_color=\u00bb#FFFFFF\u00bb button_one_bg_color=\u00bb#aa1717&#8243; button_one_border_width=\u00bb15px\u00bb button_one_border_color=\u00bbrgba(210,159,104,0)\u00bb button_one_border_radius=\u00bb100px\u00bb button_one_letter_spacing=\u00bb0px\u00bb button_one_font=\u00bbRubik|700|||||||\u00bb button_one_icon=\u00bb&#x69;||divi||400&#8243; custom_button_two=\u00bbon\u00bb button_two_text_size=\u00bb16px\u00bb button_two_text_color=\u00bb#ffffff\u00bb button_two_bg_color=\u00bbrgba(0,0,0,0.6)\u00bb button_two_border_width=\u00bb15px\u00bb button_two_border_color=\u00bbrgba(210,159,104,0)\u00bb button_two_border_radius=\u00bb100px\u00bb button_two_letter_spacing=\u00bb0px\u00bb button_two_font=\u00bbRubik|700|||||||\u00bb button_two_use_icon=\u00bboff\u00bb max_width_last_edited=\u00bboff|desktop\u00bb module_alignment=\u00bbcenter\u00bb custom_margin=\u00bb|||\u00bb custom_padding=\u00bb8vw||21vw|||\u00bb link_option_url_new_window=\u00bbon\u00bb subhead_font_size_tablet=\u00bb\u00bb subhead_font_size_phone=\u00bb30px\u00bb subhead_font_size_last_edited=\u00bbon|phone\u00bb text_shadow_style=\u00bbpreset3&#8243; button_one_border_radius_hover=\u00bb100px\u00bb button_two_border_radius_hover=\u00bb100px\u00bb button_one_bg_color_hover=\u00bb#ff8a70&#8243; button_two_bg_color_hover=\u00bb#ff8a70&#8243; global_colors_info=\u00bb{}\u00bb button_one_text_size__hover_enabled=\u00bboff\u00bb button_two_text_size__hover_enabled=\u00bboff\u00bb button_one_text_color__hover_enabled=\u00bboff\u00bb button_two_text_color__hover_enabled=\u00bboff\u00bb button_one_border_width__hover_enabled=\u00bboff\u00bb button_two_border_width__hover_enabled=\u00bboff\u00bb button_one_border_color__hover_enabled=\u00bboff\u00bb button_two_border_color__hover_enabled=\u00bboff\u00bb button_one_border_radius__hover_enabled=\u00bbon\u00bb button_one_border_radius__hover=\u00bb100px\u00bb button_two_border_radius__hover_enabled=\u00bbon\u00bb button_two_border_radius__hover=\u00bb100px\u00bb button_one_letter_spacing__hover_enabled=\u00bboff\u00bb button_two_letter_spacing__hover_enabled=\u00bboff\u00bb button_one_bg_color__hover_enabled=\u00bbon\u00bb button_one_bg_color__hover=\u00bb#ff8a70&#8243; button_two_bg_color__hover_enabled=\u00bbon\u00bb button_two_bg_color__hover=\u00bb#ff8a70&#8243;][\/et_pb_fullwidth_header][\/et_pb_section][et_pb_section fb_built=\u00bb1&#8243; _builder_version=\u00bb4.16&#8243; background_color=\u00bb#3a5063&#8243; background_size=\u00bbcontain\u00bb background_position=\u00bbtop_center\u00bb custom_padding=\u00bb|||\u00bb global_colors_info=\u00bb{}\u00bb][et_pb_row column_structure=\u00bb1_2,1_2&#8243; _builder_version=\u00bb4.16&#8243; global_colors_info=\u00bb{}\u00bb][et_pb_column type=\u00bb1_2&#8243; _builder_version=\u00bb4.16&#8243; custom_padding=\u00bb|||\u00bb global_colors_info=\u00bb{}\u00bb custom_padding__hover=\u00bb|||\u00bb][et_pb_text _builder_version=\u00bb4.16&#8243; text_font=\u00bbRubik|500|||||||\u00bb text_font_size=\u00bb16px\u00bb text_line_height=\u00bb2em\u00bb quote_font=\u00bb||||||||\u00bb header_font=\u00bb||||||||\u00bb header_2_font=\u00bbRubik|700|||||||\u00bb header_2_font_size=\u00bb40px\u00bb header_2_line_height=\u00bb1.4em\u00bb header_5_font=\u00bbRubik|700||on|||||\u00bb header_5_letter_spacing=\u00bb5px\u00bb header_5_line_height=\u00bb1.2em\u00bb background_layout=\u00bbdark\u00bb max_width=\u00bb600px\u00bb max_width_tablet=\u00bb\u00bb max_width_phone=\u00bb\u00bb max_width_last_edited=\u00bbon|phone\u00bb custom_margin=\u00bb|||\u00bb custom_margin_tablet=\u00bb|70px||70px\u00bb custom_margin_phone=\u00bb|50px||50px\u00bb custom_margin_last_edited=\u00bboff|desktop\u00bb custom_padding=\u00bb|||\u00bb text_line_height_last_edited=\u00bboff|desktop\u00bb header_2_font_size_tablet=\u00bb\u00bb header_2_font_size_phone=\u00bb30px\u00bb header_2_font_size_last_edited=\u00bbon|phone\u00bb global_colors_info=\u00bb{}\u00bb]<\/p>\n<h5>Recuperamos el pante\u00f3n<\/h5>\n<h2>El pasado 7 de agosto de 2023 fuimos notificados por la IM sobre la adjudicaci\u00f3n del Pante\u00f3n a nuestra Asociaci\u00f3n<\/h2>\n<p>[\/et_pb_text][\/et_pb_column][et_pb_column type=\u00bb1_2&#8243; _builder_version=\u00bb4.16&#8243; custom_padding=\u00bb|||\u00bb global_colors_info=\u00bb{}\u00bb custom_padding__hover=\u00bb|||\u00bb][dsm_tilt_image src=\u00bbhttp:\/\/acasadegalicia.uy\/sitio\/wp-content\/uploads\/2023\/11\/1046210.jpg\u00bb title_text=\u00bb1046210&#8243; _builder_version=\u00bb4.23.1&#8243; _module_preset=\u00bbdefault\u00bb global_colors_info=\u00bb{}\u00bb][\/dsm_tilt_image][\/et_pb_column][\/et_pb_row][\/et_pb_section][et_pb_section fb_built=\u00bb1&#8243; admin_label=\u00bbStaff\u00bb _builder_version=\u00bb4.16&#8243; custom_padding=\u00bb|||\u00bb bottom_divider_style=\u00bbasymmetric2&#8243; bottom_divider_color=\u00bb#af1616&#8243; global_colors_info=\u00bb{}\u00bb][et_pb_row admin_label=\u00bbTitle Row\u00bb _builder_version=\u00bb4.16&#8243; global_colors_info=\u00bb{}\u00bb][et_pb_column type=\u00bb4_4&#8243; _builder_version=\u00bb4.16&#8243; custom_padding=\u00bb|||\u00bb global_colors_info=\u00bb{}\u00bb custom_padding__hover=\u00bb|||\u00bb][et_pb_text _builder_version=\u00bb4.16&#8243; text_font=\u00bbRubik|500|||||||\u00bb text_font_size=\u00bb16px\u00bb text_line_height=\u00bb2em\u00bb header_font=\u00bb||||||||\u00bb header_2_font=\u00bbRubik|700|||||||\u00bb header_2_font_size=\u00bb40px\u00bb header_2_line_height=\u00bb1.4em\u00bb header_5_font=\u00bbRubik|700||on|||||\u00bb header_5_text_color=\u00bb#2b76df\u00bb header_5_letter_spacing=\u00bb5px\u00bb header_5_line_height=\u00bb1.5em\u00bb text_orientation=\u00bbcenter\u00bb max_width=\u00bb600px\u00bb module_alignment=\u00bbcenter\u00bb text_line_height_last_edited=\u00bboff|desktop\u00bb global_colors_info=\u00bb{}\u00bb]<\/p>\n<h5>Pante\u00f3n social casa de galicia<\/h5>\n<h2>Informaci\u00f3n General sobre el Pante\u00f3n Casa de Galicia<\/h2>\n<p><a href=\"https:\/\/acasadegalicia.uy\/sitio\/wp-content\/uploads\/2023\/11\/Reglamento-de-funcionamiento-Panteon-final.pdf\">\u00a0Descargar Reglamento del Pante\u00f3n Social Casa de Galicia<\/a><\/p>\n<p>[\/et_pb_text][\/et_pb_column][\/et_pb_row][et_pb_row _builder_version=\u00bb4.16&#8243; _module_preset=\u00bbdefault\u00bb custom_margin=\u00bb|auto||121px||\u00bb custom_padding=\u00bb||77px|||\u00bb global_colors_info=\u00bb{}\u00bb][et_pb_column type=\u00bb4_4&#8243; _builder_version=\u00bb4.16&#8243; _module_preset=\u00bbdefault\u00bb global_colors_info=\u00bb{}\u00bb][et_pb_text _builder_version=\u00bb4.23.1&#8243; _module_preset=\u00bbdefault\u00bb custom_margin=\u00bb||1px|||\u00bb global_colors_info=\u00bb{}\u00bb]<\/p>\n<div class=\"entry-content\">\n<p>Para leer las diferentes noticias y comunicaciones relacionadas al Pante\u00f3n Social Casa de Galicia puede dirigirse al final de esta p\u00e1gina.<\/p>\n<p><strong>Horario de apertura del Pante\u00f3n Casa de Galicia<\/strong><\/p>\n<ul>\n<li><strong>Martes<\/strong> de <strong><em>13h. a 16h.<\/em><\/strong><\/li>\n<li><strong>de Mi\u00e9rcoles a Domingos<\/strong>\u00a0de <strong><em>10h. a 16h.<\/em><\/strong><\/li>\n<li><strong>Lunes<\/strong> Cerrado<strong><em><\/em><\/strong><\/li>\n<\/ul>\n<p>&nbsp;<\/p>\n<h5><em><strong>Hemos fijado las bases para afiliarse que detallamos a continuaci\u00f3n:<\/strong><\/em><\/h5>\n<p><strong>CONTRATANTES DEL SERVICIO PREVISIONAL DE PANTEON.<\/strong><\/p>\n<p>Ser\u00e1n Socios Pante\u00f3n:<\/p>\n<p>\u2013 Los socios de A Casa de Galicia Centro Hist\u00f3rico-Cultural que abonen la sobrecuota correspondiente, durante la vigencia de la promoci\u00f3n este derecho ser\u00e1 adquirido por todos los socios.\u00a0<\/p>\n<p><strong>SOCIOS con derecho PANTEON<\/strong><\/p>\n<ul>\n<li>Cuota social: $ 200<\/li>\n<li>Sobrecuota Pante\u00f3n: $ 200 (<strong>bonificada en un 100%<\/strong> <em>por el primer a\u00f1o para los socios registrados hasta el 25 de octubre de 2024<\/em>, luego <strong>bonificaci\u00f3n del 50%<\/strong>)<\/li>\n<li>Opci\u00f3n servicio f\u00fanebre bonificado: $ 200<\/li>\n<\/ul>\n<p><strong>DERECHOS:<\/strong><\/p>\n<p>Derechos por servicio f\u00fanebre inmediatos.<\/p>\n<p>\u00a0Aquellos quienes sean socios tendr\u00e1n sin cargo tambi\u00e9n el beneficio de mantener los restos de una persona.\u00a0<\/p>\n<p><strong>M\u00c9TODOS DE PAGO<\/strong><\/p>\n<p>Las cuotas pueden abonarse mediante d\u00e9bito autom\u00e1tico en tarjetas de cr\u00e9dito y d\u00e9bito (VISA, MASTER, OCA, DINERS, L\u00cdDER o CREDITEL).<\/p>\n<p>&nbsp;<\/p>\n<p><em>Por consultas generales pueden contactarse a trav\u00e9s del tel\u00e9fono 092 242 610 o al correo electr\u00f3nico <a href=\"mailto:info@acasadegalicia.uy\">info@acasadegalicia.uy<\/a>.<\/em><\/p>\n<p><em>Por consultas sobre tr\u00e1mites en el Pante\u00f3n puede comunicarse al correo electr\u00f3nico <a href=\"mailto:panteon@acasadegalicia.uy\">panteon@acasadegalicia.uy<\/a>.<\/em><\/p>\n<p><em><\/em><\/p>\n<p><em>Obras de reparaciones subvencionadas por:<\/em><\/p>\n<\/div>\n<p>[\/et_pb_text][et_pb_image src=\u00bbhttp:\/\/acasadegalicia.uy\/sitio\/wp-content\/uploads\/2023\/09\/marca-positivo.png\u00bb title_text=\u00bbmarca-positivo\u00bb _builder_version=\u00bb4.23.1&#8243; _module_preset=\u00bbdefault\u00bb width=\u00bb29%\u00bb max_width=\u00bb30%\u00bb module_alignment=\u00bbleft\u00bb global_colors_info=\u00bb{}\u00bb][\/et_pb_image][\/et_pb_column][\/et_pb_row][\/et_pb_section][et_pb_section fb_built=\u00bb1&#8243; _builder_version=\u00bb4.16&#8243; _module_preset=\u00bbdefault\u00bb top_divider_style=\u00bbmountains2&#8243; top_divider_color=\u00bb#af1916&#8243; global_colors_info=\u00bb{}\u00bb][et_pb_row _builder_version=\u00bb4.16&#8243; _module_preset=\u00bbdefault\u00bb custom_padding=\u00bb76px|||||\u00bb global_colors_info=\u00bb{}\u00bb][et_pb_column type=\u00bb4_4&#8243; _builder_version=\u00bb4.16&#8243; _module_preset=\u00bbdefault\u00bb global_colors_info=\u00bb{}\u00bb][et_pb_text _builder_version=\u00bb4.23.1&#8243; _module_preset=\u00bbdefault\u00bb text_text_color=\u00bb#a81414&#8243; header_text_color=\u00bb#9e1b0f\u00bb global_colors_info=\u00bb{}\u00bb]<\/p>\n<h1 style=\"text-align: center;\"><strong>Noticias sobre Pante\u00f3n Social Casa de Galicia<\/strong><\/h1>\n<p>[\/et_pb_text][et_pb_blog fullwidth=\u00bboff\u00bb posts_number=\u00bb6&#8243; include_categories=\u00bb136&#8243; show_more=\u00bbon\u00bb show_author=\u00bboff\u00bb show_categories=\u00bboff\u00bb use_overlay=\u00bbon\u00bb _builder_version=\u00bb4.23.1&#8243; _module_preset=\u00bbdefault\u00bb read_more_text_color=\u00bb#930707&#8243; link_option_url_new_window=\u00bbon\u00bb border_radii=\u00bbon|10px|10px|10px|10px\u00bb border_width_all=\u00bb0px\u00bb box_shadow_style=\u00bbpreset1&#8243; global_colors_info=\u00bb{}\u00bb][\/et_pb_blog][\/et_pb_column][\/et_pb_row][\/et_pb_section][et_pb_section fb_built=\u00bb1&#8243; admin_label=\u00bbEvents\u00bb _builder_version=\u00bb4.16&#8243; background_color=\u00bb#e3e3e8&#8243; use_background_color_gradient=\u00bbon\u00bb background_color_gradient_stops=\u00bb#e3e3e8 0%|#ffffff 100%\u00bb background_color_gradient_overlays_image=\u00bbon\u00bb background_color_gradient_start=\u00bb#e3e3e8&#8243; background_color_gradient_end=\u00bb#ffffff\u00bb background_size=\u00bbinitial\u00bb background_position=\u00bbtop_center\u00bb custom_padding=\u00bb|||\u00bb global_colors_info=\u00bb{}\u00bb][et_pb_row admin_label=\u00bbTitle Row\u00bb _builder_version=\u00bb4.16&#8243; locked=\u00bboff\u00bb global_colors_info=\u00bb{}\u00bb][et_pb_column type=\u00bb4_4&#8243; _builder_version=\u00bb4.16&#8243; custom_padding=\u00bb|||\u00bb global_colors_info=\u00bb{}\u00bb custom_padding__hover=\u00bb|||\u00bb][et_pb_blurb title=\u00bbCalendario\u00bb use_icon=\u00bbon\u00bb font_icon=\u00bb&#xe023;||divi||400&#8243; icon_color=\u00bb#ff7355&#8243; image_icon_width=\u00bb32px\u00bb _builder_version=\u00bb4.16&#8243; header_font=\u00bbCabin Sketch|700||on|||||\u00bb header_text_color=\u00bb#2b76df\u00bb header_font_size=\u00bb20px\u00bb header_letter_spacing=\u00bb5px\u00bb header_line_height=\u00bb1.4em\u00bb text_orientation=\u00bbcenter\u00bb custom_margin=\u00bb||0px|\u00bb icon_font_size=\u00bb32px\u00bb global_colors_info=\u00bb{}\u00bb][\/et_pb_blurb][et_pb_text _builder_version=\u00bb4.16&#8243; text_font=\u00bbRubik|500|||||||\u00bb text_font_size=\u00bb16px\u00bb text_line_height=\u00bb2em\u00bb header_font=\u00bb||||||||\u00bb header_2_font=\u00bbRubik|700|||||||\u00bb header_2_font_size=\u00bb40px\u00bb header_2_line_height=\u00bb1.4em\u00bb header_5_font=\u00bbRubik|700||on|||||\u00bb header_5_text_color=\u00bb#2b76df\u00bb header_5_letter_spacing=\u00bb5px\u00bb header_5_line_height=\u00bb1.5em\u00bb text_orientation=\u00bbcenter\u00bb max_width=\u00bb700px\u00bb module_alignment=\u00bbcenter\u00bb custom_margin=\u00bb|||\u00bb custom_margin_tablet=\u00bb0px|||\u00bb custom_margin_last_edited=\u00bboff|desktop\u00bb text_line_height_last_edited=\u00bboff|desktop\u00bb header_2_font_size_tablet=\u00bb\u00bb header_2_font_size_phone=\u00bb30px\u00bb header_2_font_size_last_edited=\u00bbon|phone\u00bb global_colors_info=\u00bb{}\u00bb]<\/p>\n<h2>Eventos relacionados al Pante\u00f3n Casa de Galicia<\/h2>\n<p>[\/et_pb_text][\/et_pb_column][\/et_pb_row][et_pb_row _builder_version=\u00bb4.16&#8243; locked=\u00bboff\u00bb global_colors_info=\u00bb{}\u00bb][et_pb_column type=\u00bb4_4&#8243; _builder_version=\u00bb4.16&#8243; custom_padding=\u00bb|||\u00bb global_colors_info=\u00bb{}\u00bb custom_padding__hover=\u00bb|||\u00bb][decm_event_display event_selection=\u00bbrelated_event\u00bb included_categories=\u00bb139&#8243; date_format=\u00bbd\/m\/Y\u00bb show_venue=\u00bboff\u00bb show_name=\u00bboff\u00bb show_price=\u00bboff\u00bb show_weburl=\u00bboff\u00bb show_icon_label=\u00bbicon\u00bb show_postponed_canceled_event=\u00bbon\u00bb result_message=\u00bbNo hay eventos pr\u00f3ximos relacionados al Pante\u00f3n Social en nuestro calendario en este momento, para ver todos los eventos presione el bot\u00f3n de abajo. \u00bb details_link_color=\u00bb#af1a15&#8243; details_icon_color=\u00bb#bf1818&#8243; view_more_text=\u00bbM\u00e1s informaci\u00f3n\u00bb button_make_fullwidth=\u00bbon\u00bb _builder_version=\u00bb4.23.1&#8243; _module_preset=\u00bbdefault\u00bb title_text_color=\u00bb#ba110e\u00bb duration_labels_text_color=\u00bb#bc1a1a\u00bb custom_view_more=\u00bbon\u00bb view_more_text_color=\u00bb#aa1c17&#8243; view_more_border_width=\u00bb3px\u00bb view_more_border_radius=\u00bb11px\u00bb view_more_icon=\u00bb&#x39;||divi||400&#8243; view_more_alignment=\u00bbcenter\u00bb title_text_shadow_style=\u00bbpreset1&#8243; view_more_text_shadow_style=\u00bbpreset1&#8243; global_colors_info=\u00bb{}\u00bb][\/decm_event_display][et_pb_button button_url=\u00bbhttps:\/\/acasadegalicia.uy\/sitio\/eventos\/\u00bb button_text=\u00bbVer todo el calendario\u00bb button_alignment=\u00bbcenter\u00bb _builder_version=\u00bb4.17.4&#8243; _module_preset=\u00bbdefault\u00bb custom_button=\u00bbon\u00bb button_text_color=\u00bb#9b1f14&#8243; global_colors_info=\u00bb{}\u00bb][\/et_pb_button][\/et_pb_column][\/et_pb_row][\/et_pb_section]<\/p>\n<span class=\"et_bloom_bottom_trigger\"><\/span>","protected":false},"excerpt":{"rendered":"<p>Recuperamos el pante\u00f3n El pasado 7 de agosto de 2023 fuimos notificados por la IM sobre la adjudicaci\u00f3n del Pante\u00f3n a nuestra Asociaci\u00f3n<div class=\"et_pb_module dsm_tilt_image dsm_tilt_image_0\">\n\t\t\t\t\n\t\t\t\t\n\t\t\t\t\n\t\t\t\t\n\t\t\t\t\n\t\t\t\t\n\t\t\t\t<div class=\"et_pb_module_inner\">\n\t\t\t\t\t<div class=\"dsm-tilt-image-wrapper\" data-tilt data-tilt-max=\"35\" data-tilt-speed=\"300\" data-tilt-perspective=\"1000\" data-tilt-scale=\"1\" data-tilt-mobile-disable=\"off\" data-tilt-reverse=\"true\">\n\t\t\t\t\n\t\t\t\t\n\t\t\t\t<span class=\"et_pb_image_wrap \"><img decoding=\"async\" src=\"http:\/\/acasadegalicia.uy\/sitio\/wp-content\/uploads\/2023\/11\/1046210.jpg\" alt=\"\" title=\"1046210\" \/><\/span>\n\t\t\t<\/div>\n\t\t\t\t<\/div>\n\t\t\t<\/div>Pante\u00f3n social casa [&hellip;]<\/p>\n","protected":false},"author":1,"featured_media":0,"parent":0,"menu_order":0,"comment_status":"closed","ping_status":"closed","template":"","meta":{"_et_pb_use_builder":"on","_et_pb_old_content":"","_et_gb_content_width":"","_price":"","_stock":"","_tribe_ticket_header":"","_tribe_default_ticket_provider":"","_tribe_ticket_capacity":"0","_ticket_start_date":"","_ticket_end_date":"","_tribe_ticket_show_description":"","_tribe_ticket_show_not_going":false,"_tribe_ticket_use_global_stock":"","_tribe_ticket_global_stock_level":"","_global_stock_mode":"","_global_stock_cap":"","_tribe_rsvp_for_event":"","_tribe_ticket_going_count":"","_tribe_ticket_not_going_count":"","_tribe_tickets_list":[],"_tribe_ticket_has_attendee_info_fields":false,"footnotes":""},"class_list":["post-912","page","type-page","status-publish","hentry"],"jetpack_sharing_enabled":true,"ticketed":false,"_links":{"self":[{"href":"https:\/\/acasadegalicia.uy\/sitio\/wp-json\/wp\/v2\/pages\/912","targetHints":{"allow":["GET"]}}],"collection":[{"href":"https:\/\/acasadegalicia.uy\/sitio\/wp-json\/wp\/v2\/pages"}],"about":[{"href":"https:\/\/acasadegalicia.uy\/sitio\/wp-json\/wp\/v2\/types\/page"}],"author":[{"embeddable":true,"href":"https:\/\/acasadegalicia.uy\/sitio\/wp-json\/wp\/v2\/users\/1"}],"replies":[{"embeddable":true,"href":"https:\/\/acasadegalicia.uy\/sitio\/wp-json\/wp\/v2\/comments?post=912"}],"version-history":[{"count":16,"href":"https:\/\/acasadegalicia.uy\/sitio\/wp-json\/wp\/v2\/pages\/912\/revisions"}],"predecessor-version":[{"id":1427,"href":"https:\/\/acasadegalicia.uy\/sitio\/wp-json\/wp\/v2\/pages\/912\/revisions\/1427"}],"wp:attachment":[{"href":"https:\/\/acasadegalicia.uy\/sitio\/wp-json\/wp\/v2\/media?parent=912"}],"curies":[{"name":"wp","href":"https:\/\/api.w.org\/{rel}","templated":true}]}}